{"id":2533,"date":"2024-07-15T17:58:45","date_gmt":"2024-07-15T15:58:45","guid":{"rendered":"https:\/\/ultreiabags.com\/?page_id=2533"},"modified":"2024-07-29T11:59:43","modified_gmt":"2024-07-29T09:59:43","slug":"aviso-legal","status":"publish","type":"page","link":"https:\/\/ultreiabags.com\/pt\/aviso-legal\/","title":{"rendered":"Aviso legal"},"content":{"rendered":"<div class=\"row\">\n<div class=\"col col-xl-10 mx-auto\">\n<div class=\"paper\">\n<header class=\"text-center\">\n<h2 class=\"m-auto\">AVISO LEGAL E CONDI\u00c7\u00d5ES GERAIS DE UTILIZA\u00c7\u00c3O<\/h2>\n<h4><span class=\"blanc-space ng-binding\">https:\/\/www.ultreiabags.com<\/span><\/h4>\n<\/header>\n<div>\n<h3>I. INFORMA\u00c7\u00d5ES DE CAR\u00c1CTER GERAL<\/h3>\n<p>Em cumprimento da obriga\u00e7\u00e3o de informa\u00e7\u00e3o prevista na Lei 34\/2002, de 11 de julho, dos Servi\u00e7os da Sociedade da Informa\u00e7\u00e3o e do Com\u00e9rcio Eletr\u00f3nico (LSSI-CE), s\u00e3o fornecidas as seguintes informa\u00e7\u00f5es gerais sobre este s\u00edtio Web:<\/p>\n<p class=\"ng-hide\">A propriedade deste s\u00edtio Web, <span class=\"blanc-space ng-binding\">https:\/\/www.ultreiabags.com<\/span>(a seguir designado \"s\u00edtio Web\") e cujos dados de contacto s\u00e3o:<\/p>\n<p>UltreiaBags<\/p>\n<p>Endere\u00e7o: <span class=\"blanc-space ng-binding\">Traves\u00eda de Guixar, 13 . Vigo<\/span><\/p>\n<p>N\u00famero de telefone de contacto: <span class=\"blanc-space ng-binding\">611554488<\/span><\/p>\n<p>E-mail de contacto: <span class=\"blanc-space ng-binding\">contacto@ultreiabags.com<\/span><\/p>\n<h3>II. TERMOS E CONDI\u00c7\u00d5ES GERAIS DE UTILIZA\u00c7\u00c3O<\/h3>\n<h4>O objeto das condi\u00e7\u00f5es gerais: O s\u00edtio Web<\/h4>\n<p>O objetivo das presentes Condi\u00e7\u00f5es Gerais de Utiliza\u00e7\u00e3o (doravante, Condi\u00e7\u00f5es) \u00e9 regular o acesso e a utiliza\u00e7\u00e3o do s\u00edtio Web. Para efeitos das presentes Condi\u00e7\u00f5es Gerais, entende-se por S\u00edtio Web: o aspeto exterior das interfaces de ecr\u00e3, tanto est\u00e1ticas como din\u00e2micas, ou seja, a \u00e1rvore de navega\u00e7\u00e3o; e todos os elementos integrados tanto nas interfaces de ecr\u00e3 como na \u00e1rvore de navega\u00e7\u00e3o (doravante, Conte\u00fados) e todos os servi\u00e7os ou recursos em linha que possam ser oferecidos aos Utilizadores (doravante, Servi\u00e7os).<\/p>\n<p><span class=\"blanc-space ng-binding\">UltreiaBags<\/span> reserva-se o direito de modificar, em qualquer altura e sem aviso pr\u00e9vio, a apresenta\u00e7\u00e3o e a configura\u00e7\u00e3o do S\u00edtio Web, bem como os Conte\u00fados e os Servi\u00e7os que possam ser incorporados no mesmo. O Utilizador reconhece e aceita que, em qualquer momento <span class=\"blanc-space ng-binding\">UltreiaBags<\/span> pode interromper, desativar e\/ou anular qualquer um destes elementos integrados no s\u00edtio Web ou o acesso aos mesmos.<\/p>\n<p>O acesso ao S\u00edtio Web pelo Utilizador \u00e9 livre e, regra geral, gratuito, sem que o Utilizador tenha de prestar qualquer contrapartida para dele usufruir, com exce\u00e7\u00e3o do custo da liga\u00e7\u00e3o atrav\u00e9s da rede de telecomunica\u00e7\u00f5es fornecida pelo fornecedor de acesso contratado pelo Utilizador.<\/p>\n<p class=\"ng-hide\">Para al\u00e9m do custo da liga\u00e7\u00e3o atrav\u00e9s da rede de telecomunica\u00e7\u00f5es fornecida pelo fornecedor de acesso e contratada pelo Utilizador, alguns dos Conte\u00fados ou Servi\u00e7os oferecidos pela <span class=\"blanc-space ng-binding\">UltreiaBags<\/span> ou, se for o caso, de terceiros atrav\u00e9s do S\u00edtio Web pode estar sujeita \u00e0 contrata\u00e7\u00e3o pr\u00e9via do Conte\u00fado ou do Servi\u00e7o, caso em que as correspondentes Condi\u00e7\u00f5es Gerais ou Particulares que a regem ser\u00e3o claramente especificadas e\/ou colocadas \u00e0 disposi\u00e7\u00e3o do Utilizador.<\/p>\n<p>A utiliza\u00e7\u00e3o de qualquer dos Conte\u00fados ou Servi\u00e7os do S\u00edtio Web pode ser feita mediante subscri\u00e7\u00e3o ou registo pr\u00e9vio do Utilizador.<\/p>\n<p class=\"ng-hide\">A utiliza\u00e7\u00e3o do Conte\u00fado n\u00e3o requer qualquer subscri\u00e7\u00e3o ou registo pr\u00e9vio.<\/p>\n<h4>O utilizador<\/h4>\n<p>Acesso, navega\u00e7\u00e3o e utiliza\u00e7\u00e3o do s\u00edtio Web, <span class=\"ng-hide\">bem como pelos espa\u00e7os de intera\u00e7\u00e3o entre os Utilizadores, e o Utilizador e <span class=\"blanc-space ng-binding\">UltreiaBags<\/span>tais como coment\u00e1rios e\/ou espa\u00e7os de blogues,<\/span> confere a condi\u00e7\u00e3o de Utilizador, pelo que, a partir do momento em que o Utilizador inicia a navega\u00e7\u00e3o no S\u00edtio Web, aceita todas as Condi\u00e7\u00f5es aqui estabelecidas, bem como as suas modifica\u00e7\u00f5es posteriores, sem preju\u00edzo da aplica\u00e7\u00e3o das normas legais correspondentes de cumprimento obrigat\u00f3rio, conforme o caso. Dada a relev\u00e2ncia do exposto, recomenda-se ao Utilizador que as leia sempre que visitar o S\u00edtio Web.<\/p>\n<p>O s\u00edtio Web de <span class=\"blanc-space ng-binding\">UltreiaBags<\/span> fornece uma vasta gama de informa\u00e7\u00f5es, servi\u00e7os e dados. O Utilizador assume a responsabilidade pela utiliza\u00e7\u00e3o correta do S\u00edtio Web. Esta responsabilidade estende-se a:<\/p>\n<ul>\n<li>Uma utiliza\u00e7\u00e3o das informa\u00e7\u00f5es, conte\u00fados e\/ou servi\u00e7os e dados oferecidos por <span class=\"blanc-space ng-binding\">UltreiaBags<\/span> sem ser contr\u00e1rio \u00e0s disposi\u00e7\u00f5es das presentes Condi\u00e7\u00f5es, \u00e0 lei, \u00e0 moral ou \u00e0 ordem p\u00fablica, ou que de qualquer outra forma possa ser prejudicial aos direitos de terceiros ou ao funcionamento do S\u00edtio Web.<\/li>\n<li>A veracidade e a legalidade das informa\u00e7\u00f5es fornecidas pelo Utilizador nos formul\u00e1rios fornecidos pela <span class=\"blanc-space ng-binding\">UltreiaBags<\/span> para aceder a determinados Conte\u00fados ou Servi\u00e7os oferecidos pelo S\u00edtio Web. Em qualquer caso, o Utilizador deve notificar imediatamente a <span class=\"blanc-space ng-binding\">UltreiaBags<\/span> sobre qualquer evento que permita o uso indevido das informa\u00e7\u00f5es registadas nesses formul\u00e1rios, tais como, mas n\u00e3o limitado a, roubo, perda ou acesso n\u00e3o autorizado a identificadores e\/ou palavras-passe, a fim de proceder ao seu cancelamento imediato.<\/li>\n<\/ul>\n<p class=\"ng-hide\"><span class=\"blanc-space ng-binding\">UltreiaBags<\/span> reserva-se o direito de suprimir todos os coment\u00e1rios e contribui\u00e7\u00f5es que violem a lei, o respeito pela dignidade da pessoa, que sejam discriminat\u00f3rios, xen\u00f3fobos, racistas, pornogr\u00e1ficos, que constituam spam, que ameacem a juventude ou a inf\u00e2ncia, a ordem ou a seguran\u00e7a p\u00fablicas ou que, na sua opini\u00e3o, n\u00e3o sejam adequados para publica\u00e7\u00e3o.<\/p>\n<p class=\"ng-hide\">Em todo o caso, <span class=\"blanc-space ng-binding\">UltreiaBags<\/span> n\u00e3o ser\u00e1 respons\u00e1vel pelas opini\u00f5es expressas pelos Utilizadores atrav\u00e9s de coment\u00e1rios ou de outras ferramentas de blogging ou de participa\u00e7\u00e3o que possam estar dispon\u00edveis.<\/p>\n<p>O simples acesso a este s\u00edtio Web n\u00e3o implica o estabelecimento de qualquer rela\u00e7\u00e3o comercial entre <span class=\"blanc-space ng-binding\">UltreiaBags<\/span> e o Utilizador.<\/p>\n<p>O Utilizador declara ser maior de idade e ter capacidade jur\u00eddica suficiente para ficar vinculado pelas presentes Condi\u00e7\u00f5es. Por conseguinte, este s\u00edtio Web de <span class=\"blanc-space ng-binding\">UltreiaBags<\/span> n\u00e3o se destina a menores. <span class=\"blanc-space ng-binding\">UltreiaBags<\/span> declina qualquer responsabilidade pelo n\u00e3o cumprimento deste requisito.<\/p>\n<p class=\"ng-hide\">Em conformidade com a legisla\u00e7\u00e3o em vigor, este s\u00edtio Web de <span class=\"blanc-space ng-binding\">UltreiaBags<\/span> \u00e9 dirigido a todas as pessoas, independentemente da idade, que possam aceder e\/ou navegar nas p\u00e1ginas do s\u00edtio Web.<\/p>\n<p>O S\u00edtio Web destina-se principalmente a Utilizadores que residam em . <span class=\"blanc-space ng-binding\">UltreiaBags<\/span> n\u00e3o garante que o S\u00edtio Web esteja em conformidade com as leis de outros pa\u00edses, no todo ou em parte. Se o Utilizador residir ou estiver domiciliado noutro local e decidir aceder e\/ou navegar no S\u00edtio Web, f\u00e1-lo-\u00e1 por sua conta e risco, devendo assegurar-se de que esse acesso e navega\u00e7\u00e3o est\u00e3o em conformidade com a legisla\u00e7\u00e3o local que lhe \u00e9 aplic\u00e1vel, n\u00e3o assumindo a Sociedade qualquer responsabilidade por esse acesso e\/ou navega\u00e7\u00e3o. <span class=\"blanc-space ng-binding\">UltreiaBags<\/span> qualquer responsabilidade que possa advir desse acesso.<\/p>\n<h3>III. ACESSO E NAVEGA\u00c7\u00c3O NO S\u00cdTIO WEB: EXCLUS\u00c3O DE GARANTIAS E DE RESPONSABILIDADE<\/h3>\n<p><span class=\"blanc-space ng-binding\">UltreiaBags<\/span> n\u00e3o garante a continuidade, disponibilidade e utilidade do S\u00edtio Web, nem dos Conte\u00fados ou Servi\u00e7os. <span class=\"blanc-space ng-binding\">UltreiaBags<\/span> envidar\u00e1 todos os esfor\u00e7os para assegurar o bom funcionamento do s\u00edtio Web, mas n\u00e3o representa nem garante que o acesso ao s\u00edtio Web seja ininterrupto ou isento de erros.<\/p>\n<p>Tamb\u00e9m n\u00e3o aceita qualquer responsabilidade ou garantia de que o conte\u00fado ou o software a que se pode aceder atrav\u00e9s deste s\u00edtio Web esteja isento de erros ou cause danos no sistema inform\u00e1tico (software e hardware) do Utilizador. Em caso algum <span class=\"blanc-space ng-binding\">UltreiaBags<\/span> ser\u00e1 respons\u00e1vel por quaisquer perdas, danos ou preju\u00edzos de qualquer tipo resultantes do acesso, navega\u00e7\u00e3o e utiliza\u00e7\u00e3o do s\u00edtio Web, incluindo, mas n\u00e3o se limitando a, perdas, danos ou preju\u00edzos causados a sistemas inform\u00e1ticos ou causados pela introdu\u00e7\u00e3o de v\u00edrus.<\/p>\n<p><span class=\"blanc-space ng-binding\">UltreiaBags<\/span> n\u00e3o poder\u00e1 ser responsabilizada por quaisquer danos que possam ser causados aos utilizadores devido a uma utiliza\u00e7\u00e3o inadequada deste s\u00edtio Web. Em particular, n\u00e3o ser\u00e1 respons\u00e1vel, seja de que forma for, por quaisquer falhas, interrup\u00e7\u00f5es, avarias ou defeitos de telecomunica\u00e7\u00f5es que possam ocorrer.<\/p>\n<h3>IV. POL\u00cdTICA DE LIGA\u00c7\u00c3O<\/h3>\n<p>Note-se que o s\u00edtio Web do <span class=\"blanc-space ng-binding\">UltreiaBags<\/span> coloca ou pode colocar \u00e0 disposi\u00e7\u00e3o dos Utilizadores meios de liga\u00e7\u00e3o (tais como, entre outros, links, banners, bot\u00f5es), diret\u00f3rios e motores de busca que permitem aos Utilizadores aceder a s\u00edtios Web pertencentes e\/ou geridos por terceiros.<\/p>\n<p>A instala\u00e7\u00e3o destes links, diret\u00f3rios e motores de busca no Site tem como objetivo facilitar aos Utilizadores a pesquisa e o acesso \u00e0 informa\u00e7\u00e3o dispon\u00edvel na Internet, n\u00e3o podendo ser considerada uma sugest\u00e3o, recomenda\u00e7\u00e3o ou convite para os visitar.<\/p>\n<p><span class=\"blanc-space ng-binding\">UltreiaBags<\/span> n\u00e3o oferece nem comercializa, ela pr\u00f3pria ou atrav\u00e9s de terceiros, os produtos e\/ou servi\u00e7os dispon\u00edveis nesses s\u00edtios ligados.<\/p>\n<p class=\"ng-hide\"><span class=\"blanc-space ng-binding\">UltreiaBags<\/span> oferece conte\u00fados patrocinados, an\u00fancios e\/ou liga\u00e7\u00f5es de afiliados. As informa\u00e7\u00f5es que aparecem nestas liga\u00e7\u00f5es de afiliados ou nos an\u00fancios inseridos s\u00e3o fornecidas pelos pr\u00f3prios anunciantes, de modo a que <span class=\"blanc-space ng-binding\">UltreiaBags<\/span> n\u00e3o \u00e9 respons\u00e1vel por quaisquer imprecis\u00f5es ou erros que possam estar contidos nos an\u00fancios, nem garante de forma alguma a compet\u00eancia, integridade ou responsabilidade dos anunciantes ou a qualidade dos seus produtos e\/ou servi\u00e7os.<\/p>\n<p>Tamb\u00e9m n\u00e3o garante a disponibilidade t\u00e9cnica, a exatid\u00e3o, a veracidade, a validade ou a legalidade dos s\u00edtios exteriores \u00e0 sua propriedade a que se pode aceder atrav\u00e9s das liga\u00e7\u00f5es.<\/p>\n<p><span class=\"blanc-space ng-binding\">UltreiaBags<\/span> n\u00e3o rev\u00ea nem controla de forma alguma o conte\u00fado de outros s\u00edtios Web, nem subscreve, rev\u00ea ou aprova os produtos e servi\u00e7os, o conte\u00fado, os ficheiros e qualquer outro material desses s\u00edtios ligados.<\/p>\n<p><span class=\"blanc-space ng-binding\">UltreiaBags<\/span> n\u00e3o assume qualquer responsabilidade pelos danos e preju\u00edzos que possam resultar do acesso, utiliza\u00e7\u00e3o, qualidade ou legalidade dos conte\u00fados, comunica\u00e7\u00f5es, opini\u00f5es, produtos e servi\u00e7os dos s\u00edtios Web n\u00e3o geridos pela <span class=\"blanc-space ng-binding\">UltreiaBags<\/span> e que est\u00e3o ligados a este s\u00edtio Web.<\/p>\n<p>O Utilizador ou um terceiro que fa\u00e7a uma hiperliga\u00e7\u00e3o de uma p\u00e1gina Web de outro s\u00edtio Web diferente para o s\u00edtio Web de <span class=\"blanc-space ng-binding\">UltreiaBags<\/span> deve saber isso:<\/p>\n<p>Nenhum dos Conte\u00fados e\/ou Servi\u00e7os do s\u00edtio Web pode ser reproduzido, no todo ou em parte, sem a autoriza\u00e7\u00e3o expressa de <span class=\"blanc-space ng-binding\">UltreiaBags<\/span>.<\/p>\n<p>Nenhuma declara\u00e7\u00e3o falsa, inexacta ou incorrecta sobre o s\u00edtio Web de <span class=\"blanc-space ng-binding\">UltreiaBags<\/span>nem sobre os Conte\u00fados e\/ou Servi\u00e7os do mesmo.<\/p>\n<p>Com exce\u00e7\u00e3o da hiperliga\u00e7\u00e3o, o s\u00edtio Web em que se estabele\u00e7a a hiperliga\u00e7\u00e3o n\u00e3o conter\u00e1 nenhum elemento deste s\u00edtio Web que esteja protegido como propriedade intelectual pela legisla\u00e7\u00e3o espanhola, salvo autoriza\u00e7\u00e3o expressa de <span class=\"blanc-space ng-binding\">UltreiaBags<\/span>.<\/p>\n<p>O estabelecimento da hiperliga\u00e7\u00e3o n\u00e3o implica a exist\u00eancia de rela\u00e7\u00f5es entre <span class=\"blanc-space ng-binding\">UltreiaBags<\/span> e o propriet\u00e1rio do s\u00edtio Web a partir do qual \u00e9 efectuada, nem o conhecimento e a aceita\u00e7\u00e3o de <span class=\"blanc-space ng-binding\">UltreiaBags<\/span> dos conte\u00fados, servi\u00e7os e\/ou actividades oferecidos no referido s\u00edtio Web, e vice-versa.<\/p>\n<h3>V. PROPRIEDADE INTELECTUAL E INDUSTRIAL<\/h3>\n<p><span class=\"blanc-space ng-binding\">UltreiaBags<\/span> por si ou como cession\u00e1rio, \u00e9 titular de todos os direitos de propriedade intelectual e industrial do S\u00edtio Web, bem como dos elementos nele contidos (incluindo, entre outros, imagens, som, \u00e1udio, v\u00eddeo, software ou textos, marcas ou log\u00f3tipos, combina\u00e7\u00f5es de cores, estrutura e design, sele\u00e7\u00e3o de materiais utilizados, programas inform\u00e1ticos necess\u00e1rios para o seu funcionamento, acesso e utiliza\u00e7\u00e3o, etc.). Trata-se, portanto, de obras protegidas como propriedade intelectual pelo ordenamento jur\u00eddico espanhol, sendo-lhes aplic\u00e1vel tanto a normativa espanhola e comunit\u00e1ria na mat\u00e9ria, como os tratados internacionais relacionados com a mat\u00e9ria e subscritos por Espanha.<\/p>\n<p>Todos os direitos reservados. Em conformidade com as disposi\u00e7\u00f5es da Lei da Propriedade Intelectual, a reprodu\u00e7\u00e3o, distribui\u00e7\u00e3o e comunica\u00e7\u00e3o p\u00fablica, incluindo a coloca\u00e7\u00e3o \u00e0 disposi\u00e7\u00e3o, de todo ou parte do conte\u00fado deste s\u00edtio Web, para fins comerciais, em qualquer suporte e por qualquer meio t\u00e9cnico, s\u00e3o expressamente proibidas sem a autoriza\u00e7\u00e3o de <span class=\"blanc-space ng-binding\">UltreiaBags<\/span>.<\/p>\n<p>O Utilizador compromete-se a respeitar os direitos de propriedade intelectual e industrial de <span class=\"blanc-space ng-binding\">UltreiaBags<\/span>. O Utilizador pode visualizar os elementos do S\u00edtio Web ou mesmo imprimi-los, copi\u00e1-los e armazen\u00e1-los no disco r\u00edgido do seu computador ou em qualquer outro suporte f\u00edsico, desde que seja exclusivamente para seu uso pessoal. O Utilizador n\u00e3o pode, no entanto, remover, alterar ou manipular qualquer dispositivo de prote\u00e7\u00e3o ou sistema de seguran\u00e7a instalado no S\u00edtio Web.<\/p>\n<p>Caso o Utilizador ou um terceiro considere que algum dos Conte\u00fados do S\u00edtio Web implica uma viola\u00e7\u00e3o dos direitos de prote\u00e7\u00e3o da propriedade intelectual, deve informar imediatamente <span class=\"blanc-space ng-binding\">UltreiaBags<\/span> atrav\u00e9s dos dados de contacto indicados na sec\u00e7\u00e3o INFORMA\u00c7\u00d5ES GERAIS do presente Aviso Legal e Condi\u00e7\u00f5es Gerais de Utiliza\u00e7\u00e3o.<\/p>\n<h3>VI. AC\u00c7\u00d5ES JUDICIAIS, DIREITO APLIC\u00c1VEL E JURISDI\u00c7\u00c3O<\/h3>\n<p><span class=\"blanc-space ng-binding\">UltreiaBags<\/span> reserva-se o direito de intentar qualquer a\u00e7\u00e3o civil ou penal que considere necess\u00e1ria por utiliza\u00e7\u00e3o indevida do S\u00edtio Web e dos seus Conte\u00fados, ou por viola\u00e7\u00e3o das presentes Condi\u00e7\u00f5es.<\/p>\n<p>A rela\u00e7\u00e3o entre o Utilizador e <span class=\"blanc-space ng-binding\">UltreiaBags<\/span> reger-se-\u00e3o pelas normas vigentes e aplic\u00e1veis em territ\u00f3rio espanhol. Em caso de lit\u00edgio relacionado com a interpreta\u00e7\u00e3o e\/ou aplica\u00e7\u00e3o das presentes Condi\u00e7\u00f5es, as partes submeter\u00e3o os seus lit\u00edgios \u00e0 jurisdi\u00e7\u00e3o ordin\u00e1ria, submetendo-se aos ju\u00edzes e tribunais correspondentes de acordo com a lei.<\/p>\n<\/div>\n<\/div>\n<\/div>\n<\/div>","protected":false},"excerpt":{"rendered":"<p>AVISO LEGAL E CONDI\u00c7\u00d5ES GERAIS DE UTILIZA\u00c7\u00c3O https:\/\/www.ultreiabags.com I. INFORMA\u00c7\u00c3O GERAL Em cumprimento do dever de informa\u00e7\u00e3o previsto na Lei 34\/2002, de 11 de julho, de Servi\u00e7os da Sociedade da Informa\u00e7\u00e3o e do Com\u00e9rcio Eletr\u00f3nico (LSSI-CE), s\u00e3o fornecidas a seguir as seguintes informa\u00e7\u00f5es gerais sobre este s\u00edtio Web: O [...]<\/p>","protected":false},"author":1,"featured_media":0,"parent":0,"menu_order":0,"comment_status":"closed","ping_status":"closed","template":"","meta":{"footnotes":""},"class_list":["post-2533","page","type-page","status-publish","hentry"],"yoast_head":"<!-- This site is optimized with the Yoast SEO plugin v23.2 - https:\/\/yoast.com\/wordpress\/plugins\/seo\/ -->\n<title>Aviso Legal - UltreiaBags<\/title>\n<meta name=\"robots\" content=\"index, follow, max-snippet:-1, max-image-preview:large, max-video-preview:-1\" \/>\n<link rel=\"canonical\" href=\"https:\/\/ultreiabags.com\/pt\/aviso-legal\/\" \/>\n<meta property=\"og:locale\" content=\"pt_PT\" \/>\n<meta property=\"og:type\" content=\"article\" \/>\n<meta property=\"og:title\" content=\"Aviso Legal - UltreiaBags\" \/>\n<meta property=\"og:description\" content=\"AVISO LEGAL Y CONDICIONES GENERALES DE USO https:\/\/www.ultreiabags.com I. INFORMACI\u00d3N GENERAL En cumplimiento con el deber de informaci\u00f3n dispuesto en la Ley 34\/2002 de Servicios de la Sociedad de la Informaci\u00f3n y el Comercio Electr\u00f3nico (LSSI-CE) de 11 de julio, se facilitan a continuaci\u00f3n los siguientes datos de informaci\u00f3n general de este sitio web: La [&hellip;]\" \/>\n<meta property=\"og:url\" content=\"https:\/\/ultreiabags.com\/pt\/aviso-legal\/\" \/>\n<meta property=\"og:site_name\" content=\"UltreiaBags\" \/>\n<meta property=\"article:modified_time\" content=\"2024-07-29T09:59:43+00:00\" \/>\n<meta name=\"twitter:card\" content=\"summary_large_image\" \/>\n<meta name=\"twitter:label1\" content=\"Tempo estimado de leitura\" \/>\n\t<meta name=\"twitter:data1\" content=\"11 minutos\" \/>\n<script type=\"application\/ld+json\" class=\"yoast-schema-graph\">{\"@context\":\"https:\/\/schema.org\",\"@graph\":[{\"@type\":\"WebPage\",\"@id\":\"https:\/\/ultreiabags.com\/aviso-legal\/\",\"url\":\"https:\/\/ultreiabags.com\/aviso-legal\/\",\"name\":\"Aviso Legal - UltreiaBags\",\"isPartOf\":{\"@id\":\"https:\/\/ultreiabags.com\/#website\"},\"datePublished\":\"2024-07-15T15:58:45+00:00\",\"dateModified\":\"2024-07-29T09:59:43+00:00\",\"breadcrumb\":{\"@id\":\"https:\/\/ultreiabags.com\/aviso-legal\/#breadcrumb\"},\"inLanguage\":\"pt-PT\",\"potentialAction\":[{\"@type\":\"ReadAction\",\"target\":[\"https:\/\/ultreiabags.com\/aviso-legal\/\"]}]},{\"@type\":\"BreadcrumbList\",\"@id\":\"https:\/\/ultreiabags.com\/aviso-legal\/#breadcrumb\",\"itemListElement\":[{\"@type\":\"ListItem\",\"position\":1,\"name\":\"Portada\",\"item\":\"https:\/\/ultreiabags.com\/\"},{\"@type\":\"ListItem\",\"position\":2,\"name\":\"Aviso Legal\"}]},{\"@type\":\"WebSite\",\"@id\":\"https:\/\/ultreiabags.com\/#website\",\"url\":\"https:\/\/ultreiabags.com\/\",\"name\":\"UltreiaBags\",\"description\":\"Disfruta del Camino de Santiago libre de equipaje\",\"publisher\":{\"@id\":\"https:\/\/ultreiabags.com\/#organization\"},\"potentialAction\":[{\"@type\":\"SearchAction\",\"target\":{\"@type\":\"EntryPoint\",\"urlTemplate\":\"https:\/\/ultreiabags.com\/?s={search_term_string}\"},\"query-input\":\"required name=search_term_string\"}],\"inLanguage\":\"pt-PT\"},{\"@type\":\"Organization\",\"@id\":\"https:\/\/ultreiabags.com\/#organization\",\"name\":\"UltreiaBags\",\"url\":\"https:\/\/ultreiabags.com\/\",\"logo\":{\"@type\":\"ImageObject\",\"inLanguage\":\"pt-PT\",\"@id\":\"https:\/\/ultreiabags.com\/#\/schema\/logo\/image\/\",\"url\":\"https:\/\/ultreiabags.com\/wp-content\/uploads\/2024\/07\/logo.png\",\"contentUrl\":\"https:\/\/ultreiabags.com\/wp-content\/uploads\/2024\/07\/logo.png\",\"width\":1920,\"height\":768,\"caption\":\"UltreiaBags\"},\"image\":{\"@id\":\"https:\/\/ultreiabags.com\/#\/schema\/logo\/image\/\"},\"sameAs\":[\"https:\/\/www.instagram.com\/ultreiabags\"]}]}<\/script>\n<!-- \/ Yoast SEO plugin. -->","yoast_head_json":{"title":"Aviso Legal - UltreiaBags","robots":{"index":"index","follow":"follow","max-snippet":"max-snippet:-1","max-image-preview":"max-image-preview:large","max-video-preview":"max-video-preview:-1"},"canonical":"https:\/\/ultreiabags.com\/pt\/aviso-legal\/","og_locale":"pt_PT","og_type":"article","og_title":"Aviso Legal - UltreiaBags","og_description":"AVISO LEGAL Y CONDICIONES GENERALES DE USO https:\/\/www.ultreiabags.com I. INFORMACI\u00d3N GENERAL En cumplimiento con el deber de informaci\u00f3n dispuesto en la Ley 34\/2002 de Servicios de la Sociedad de la Informaci\u00f3n y el Comercio Electr\u00f3nico (LSSI-CE) de 11 de julio, se facilitan a continuaci\u00f3n los siguientes datos de informaci\u00f3n general de este sitio web: La [&hellip;]","og_url":"https:\/\/ultreiabags.com\/pt\/aviso-legal\/","og_site_name":"UltreiaBags","article_modified_time":"2024-07-29T09:59:43+00:00","twitter_card":"summary_large_image","twitter_misc":{"Tempo estimado de leitura":"11 minutos"},"schema":{"@context":"https:\/\/schema.org","@graph":[{"@type":"WebPage","@id":"https:\/\/ultreiabags.com\/aviso-legal\/","url":"https:\/\/ultreiabags.com\/aviso-legal\/","name":"Aviso Legal - UltreiaBags","isPartOf":{"@id":"https:\/\/ultreiabags.com\/#website"},"datePublished":"2024-07-15T15:58:45+00:00","dateModified":"2024-07-29T09:59:43+00:00","breadcrumb":{"@id":"https:\/\/ultreiabags.com\/aviso-legal\/#breadcrumb"},"inLanguage":"pt-PT","potentialAction":[{"@type":"ReadAction","target":["https:\/\/ultreiabags.com\/aviso-legal\/"]}]},{"@type":"BreadcrumbList","@id":"https:\/\/ultreiabags.com\/aviso-legal\/#breadcrumb","itemListElement":[{"@type":"ListItem","position":1,"name":"Portada","item":"https:\/\/ultreiabags.com\/"},{"@type":"ListItem","position":2,"name":"Aviso Legal"}]},{"@type":"WebSite","@id":"https:\/\/ultreiabags.com\/#website","url":"https:\/\/ultreiabags.com\/","name":"UltreiaBags","description":"Disfruta del Camino de Santiago libre de equipaje","publisher":{"@id":"https:\/\/ultreiabags.com\/#organization"},"potentialAction":[{"@type":"SearchAction","target":{"@type":"EntryPoint","urlTemplate":"https:\/\/ultreiabags.com\/?s={search_term_string}"},"query-input":"required name=search_term_string"}],"inLanguage":"pt-PT"},{"@type":"Organization","@id":"https:\/\/ultreiabags.com\/#organization","name":"UltreiaBags","url":"https:\/\/ultreiabags.com\/","logo":{"@type":"ImageObject","inLanguage":"pt-PT","@id":"https:\/\/ultreiabags.com\/#\/schema\/logo\/image\/","url":"https:\/\/ultreiabags.com\/wp-content\/uploads\/2024\/07\/logo.png","contentUrl":"https:\/\/ultreiabags.com\/wp-content\/uploads\/2024\/07\/logo.png","width":1920,"height":768,"caption":"UltreiaBags"},"image":{"@id":"https:\/\/ultreiabags.com\/#\/schema\/logo\/image\/"},"sameAs":["https:\/\/www.instagram.com\/ultreiabags"]}]}},"_links":{"self":[{"href":"https:\/\/ultreiabags.com\/pt\/wp-json\/wp\/v2\/pages\/2533","targetHints":{"allow":["GET"]}}],"collection":[{"href":"https:\/\/ultreiabags.com\/pt\/wp-json\/wp\/v2\/pages"}],"about":[{"href":"https:\/\/ultreiabags.com\/pt\/wp-json\/wp\/v2\/types\/page"}],"author":[{"embeddable":true,"href":"https:\/\/ultreiabags.com\/pt\/wp-json\/wp\/v2\/users\/1"}],"replies":[{"embeddable":true,"href":"https:\/\/ultreiabags.com\/pt\/wp-json\/wp\/v2\/comments?post=2533"}],"version-history":[{"count":0,"href":"https:\/\/ultreiabags.com\/pt\/wp-json\/wp\/v2\/pages\/2533\/revisions"}],"wp:attachment":[{"href":"https:\/\/ultreiabags.com\/pt\/wp-json\/wp\/v2\/media?parent=2533"}],"curies":[{"name":"wp","href":"https:\/\/api.w.org\/{rel}","templated":true}]}}