{"id":2095,"date":"2024-07-04T19:50:53","date_gmt":"2024-07-04T17:50:53","guid":{"rendered":"https:\/\/ultreiabags.com\/index.php\/tourdaily-booking\/"},"modified":"2024-07-06T15:45:54","modified_gmt":"2024-07-06T13:45:54","slug":"historia","status":"publish","type":"page","link":"https:\/\/ultreiabags.com\/pt\/historia\/","title":{"rendered":"Hist\u00f3ria do Caminho"},"content":{"rendered":"<div data-elementor-type=\"wp-page\" data-elementor-id=\"2095\" class=\"elementor elementor-2095\" data-elementor-post-type=\"page\">\n\t\t\t\t\t\t<section class=\"elementor-section elementor-top-section elementor-element elementor-element-aaba121 elementor-section-full_width elementor-section-height-default elementor-section-height-default\" data-id=\"aaba121\" data-element_type=\"section\" data-settings=\"{&quot;background_background&quot;:&quot;classic&quot;}\">\n\t\t\t\t\t\t<div class=\"elementor-container elementor-column-gap-default\">\n\t\t\t\t\t<div class=\"elementor-column elementor-col-100 elementor-top-column elementor-element elementor-element-a204ad4\" data-id=\"a204ad4\" data-element_type=\"column\">\n\t\t\t<div class=\"elementor-widget-wrap elementor-element-populated\">\n\t\t\t\t\t\t<section class=\"elementor-section elementor-inner-section elementor-element elementor-element-1c46c2b elementor-section-boxed elementor-section-height-default elementor-section-height-default\" data-id=\"1c46c2b\" data-element_type=\"section\" data-settings=\"{&quot;background_background&quot;:&quot;classic&quot;}\">\n\t\t\t\t\t\t\t<div class=\"elementor-background-overlay\"><\/div>\n\t\t\t\t\t\t\t<div class=\"elementor-container elementor-column-gap-default\">\n\t\t\t\t\t<div class=\"elementor-column elementor-col-100 elementor-inner-column elementor-element elementor-element-daadb60\" data-id=\"daadb60\" data-element_type=\"column\">\n\t\t\t<div class=\"elementor-widget-wrap elementor-element-populated\">\n\t\t\t\t\t\t<div class=\"elementor-element elementor-element-b0dc5ee elementor-widget elementor-widget-heading\" data-id=\"b0dc5ee\" data-element_type=\"widget\" data-widget_type=\"heading.default\">\n\t\t\t\t<div class=\"elementor-widget-container\">\n\t\t\t<style>\/*! elementor - v3.22.0 - 26-06-2024 *\/\n.elementor-heading-title{padding:0;margin:0;line-height:1}.elementor-widget-heading .elementor-heading-title[class*=elementor-size-]>a{color:inherit;font-size:inherit;line-height:inherit}.elementor-widget-heading .elementor-heading-title.elementor-size-small{font-size:15px}.elementor-widget-heading .elementor-heading-title.elementor-size-medium{font-size:19px}.elementor-widget-heading .elementor-heading-title.elementor-size-large{font-size:29px}.elementor-widget-heading .elementor-heading-title.elementor-size-xl{font-size:39px}.elementor-widget-heading .elementor-heading-title.elementor-size-xxl{font-size:59px}<\/style><h2 class=\"elementor-heading-title elementor-size-default\">Hist\u00f3ria do Caminho<\/h2>\t\t<\/div>\n\t\t\t\t<\/div>\n\t\t\t\t<div class=\"elementor-element elementor-element-65f0741 elementor-widget elementor-widget-spacer\" data-id=\"65f0741\" data-element_type=\"widget\" data-widget_type=\"spacer.default\">\n\t\t\t\t<div class=\"elementor-widget-container\">\n\t\t\t<style>\/*! elementor - v3.22.0 - 26-06-2024 *\/\n.elementor-column .elementor-spacer-inner{height:var(--spacer-size)}.e-con{--container-widget-width:100%}.e-con-inner>.elementor-widget-spacer,.e-con>.elementor-widget-spacer{width:var(--container-widget-width,var(--spacer-size));--align-self:var(--container-widget-align-self,initial);--flex-shrink:0}.e-con-inner>.elementor-widget-spacer>.elementor-widget-container,.e-con>.elementor-widget-spacer>.elementor-widget-container{height:100%;width:100%}.e-con-inner>.elementor-widget-spacer>.elementor-widget-container>.elementor-spacer,.e-con>.elementor-widget-spacer>.elementor-widget-container>.elementor-spacer{height:100%}.e-con-inner>.elementor-widget-spacer>.elementor-widget-container>.elementor-spacer>.elementor-spacer-inner,.e-con>.elementor-widget-spacer>.elementor-widget-container>.elementor-spacer>.elementor-spacer-inner{height:var(--container-widget-height,var(--spacer-size))}.e-con-inner>.elementor-widget-spacer.elementor-widget-empty,.e-con>.elementor-widget-spacer.elementor-widget-empty{position:relative;min-height:22px;min-width:22px}.e-con-inner>.elementor-widget-spacer.elementor-widget-empty .elementor-widget-empty-icon,.e-con>.elementor-widget-spacer.elementor-widget-empty .elementor-widget-empty-icon{position:absolute;top:0;bottom:0;left:0;right:0;margin:auto;padding:0;width:22px;height:22px}<\/style>\t\t<div class=\"elementor-spacer\">\n\t\t\t<div class=\"elementor-spacer-inner\"><\/div>\n\t\t<\/div>\n\t\t\t\t<\/div>\n\t\t\t\t<\/div>\n\t\t\t\t\t<\/div>\n\t\t<\/div>\n\t\t\t\t\t<\/div>\n\t\t<\/section>\n\t\t\t\t\t<\/div>\n\t\t<\/div>\n\t\t\t\t\t<\/div>\n\t\t<\/section>\n\t\t\t\t<section class=\"elementor-section elementor-top-section elementor-element elementor-element-3dce374b elementor-section-boxed elementor-section-height-default elementor-section-height-default\" data-id=\"3dce374b\" data-element_type=\"section\" data-settings=\"{&quot;background_background&quot;:&quot;classic&quot;}\">\n\t\t\t\t\t\t<div class=\"elementor-container elementor-column-gap-no\">\n\t\t\t\t\t<div class=\"elementor-column elementor-col-100 elementor-top-column elementor-element elementor-element-427dad0c elementor-invisible\" data-id=\"427dad0c\" data-element_type=\"column\" data-settings=\"{&quot;background_background&quot;:&quot;classic&quot;,&quot;animation&quot;:&quot;fadeInUp&quot;}\">\n\t\t\t<div class=\"elementor-widget-wrap elementor-element-populated\">\n\t\t\t\t\t\t<div class=\"elementor-element elementor-element-3e346df5 elementor-widget elementor-widget-image\" data-id=\"3e346df5\" data-element_type=\"widget\" data-widget_type=\"image.default\">\n\t\t\t\t<div class=\"elementor-widget-container\">\n\t\t\t<style>\/*! elementor - v3.22.0 - 26-06-2024 *\/\n.elementor-widget-image{text-align:center}.elementor-widget-image a{display:inline-block}.elementor-widget-image a img[src$=\".svg\"]{width:48px}.elementor-widget-image img{vertical-align:middle;display:inline-block}<\/style>\t\t\t\t\t\t\t\t\t\t<img fetchpriority=\"high\" decoding=\"async\" width=\"2560\" height=\"1707\" src=\"https:\/\/ultreiabags.com\/wp-content\/uploads\/2024\/07\/AdobeStock_503291199-scaled.jpeg\" class=\"attachment-full size-full wp-image-2350\" alt=\"\" srcset=\"https:\/\/ultreiabags.com\/wp-content\/uploads\/2024\/07\/AdobeStock_503291199-scaled.jpeg 2560w, https:\/\/ultreiabags.com\/wp-content\/uploads\/2024\/07\/AdobeStock_503291199-300x200.jpeg 300w, https:\/\/ultreiabags.com\/wp-content\/uploads\/2024\/07\/AdobeStock_503291199-1024x683.jpeg 1024w, https:\/\/ultreiabags.com\/wp-content\/uploads\/2024\/07\/AdobeStock_503291199-768x512.jpeg 768w, https:\/\/ultreiabags.com\/wp-content\/uploads\/2024\/07\/AdobeStock_503291199-1536x1024.jpeg 1536w, https:\/\/ultreiabags.com\/wp-content\/uploads\/2024\/07\/AdobeStock_503291199-2048x1365.jpeg 2048w, https:\/\/ultreiabags.com\/wp-content\/uploads\/2024\/07\/AdobeStock_503291199-18x12.jpeg 18w\" sizes=\"(max-width: 2560px) 100vw, 2560px\" \/>\t\t\t\t\t\t\t\t\t\t\t\t\t<\/div>\n\t\t\t\t<\/div>\n\t\t\t\t<div class=\"elementor-element elementor-element-8dc1c44 elementor-widget elementor-widget-text-editor\" data-id=\"8dc1c44\" data-element_type=\"widget\" data-widget_type=\"text-editor.default\">\n\t\t\t\t<div class=\"elementor-widget-container\">\n\t\t\t<style>\/*! elementor - v3.22.0 - 26-06-2024 *\/\n.elementor-widget-text-editor.elementor-drop-cap-view-stacked .elementor-drop-cap{background-color:#69727d;color:#fff}.elementor-widget-text-editor.elementor-drop-cap-view-framed .elementor-drop-cap{color:#69727d;border:3px solid;background-color:transparent}.elementor-widget-text-editor:not(.elementor-drop-cap-view-default) .elementor-drop-cap{margin-top:8px}.elementor-widget-text-editor:not(.elementor-drop-cap-view-default) .elementor-drop-cap-letter{width:1em;height:1em}.elementor-widget-text-editor .elementor-drop-cap{float:left;text-align:center;line-height:1;font-size:50px}.elementor-widget-text-editor .elementor-drop-cap-letter{display:inline-block}<\/style>\t\t\t\t<p>O Caminho de Santiago, uma antiga rota que se estende ao longo da Pen\u00ednsula Ib\u00e9rica, \u00e9 muito mais do que uma simples viagem f\u00edsica; \u00e9 uma viagem espiritual, cultural e hist\u00f3rica que atrai peregrinos de todo o mundo h\u00e1 s\u00e9culos. A sua hist\u00f3ria est\u00e1 entrela\u00e7ada com lendas que remontam ao s\u00e9culo IX, quando um pastor galego chamado Pelayo ter\u00e1 descoberto o corpo do Ap\u00f3stolo Santiago num campo perto do que \u00e9 hoje Santiago de Compostela. Santiago, um dos doze disc\u00edpulos de Jesus, ter\u00e1 sido transportado numa barca guiada por anjos at\u00e9 \u00e0 costa galega, onde foi sepultado.<\/p><p>O impacto desta descoberta foi monumental. O rei Afonso II, depois de ouvir a not\u00edcia, decidiu erigir uma modesta capela em honra do ap\u00f3stolo. Com o tempo, esta capela foi transformada na majestosa Catedral de Santiago de Compostela, um impressionante testemunho da f\u00e9 crist\u00e3 e da habilidade arquitet\u00f3nica medieval. A catedral tornou-se rapidamente um centro de peregrina\u00e7\u00e3o crist\u00e3 t\u00e3o importante como Jerusal\u00e9m, Roma ou F\u00e1tima, atraindo crentes de toda a Europa e n\u00e3o s\u00f3.<\/p><p>O Caminho de Santiago n\u00e3o se limita \u00e0 hist\u00f3ria da descoberta dos restos mortais de Santiago. Existe uma \"pr\u00e9-hist\u00f3ria\" do Caminho que sugere que as rotas para Santiago j\u00e1 eram percorridas muito antes do s\u00e9culo VIII. Uma dessas rotas \u00e9 o chamado Caminho de Fisterra, tamb\u00e9m conhecido como o Caminho do \"fim do mundo\". Fisterra, situada na costa atl\u00e2ntica da Galiza, era considerada pelos romanos como o ponto mais ocidental da Pen\u00ednsula Ib\u00e9rica e, por conseguinte, o fim do mundo conhecido. Os antigos peregrinos, atra\u00eddos pelo fasc\u00ednio e mist\u00e9rio deste lugar, acreditavam que olhar para o oceano a partir de Fisterra era como olhar para o abismo do universo.<\/p><p>A fus\u00e3o destas narrativas, a hist\u00f3ria da descoberta milagrosa dos restos mortais do ap\u00f3stolo Santiago e a pr\u00e9-hist\u00f3ria m\u00edstica do Caminho de Fisterra, deu forma a uma rede de caminhos que atravessam a Pen\u00ednsula Ib\u00e9rica, ligando vilas, cidades e culturas. O Caminho de Santiago n\u00e3o \u00e9 apenas um itiner\u00e1rio religioso, mas tamb\u00e9m um patrim\u00f3nio cultural da Europa e um testemunho vivo da sua hist\u00f3ria medieval.<\/p><p>Atualmente, o Caminho de Santiago continua a atrair milhares de peregrinos e caminhantes todos os anos, alguns por raz\u00f5es espirituais e outros pelo desejo de aventura e descoberta pessoal. As diferentes rotas do Caminho oferecem uma variedade de paisagens, desde os vales verdes da regi\u00e3o basca \u00e0s plan\u00edcies \u00e1ridas de Castela e aos picos nevados dos Pirin\u00e9us. Cada passo do Caminho \u00e9 uma oportunidade para se ligar \u00e0 hist\u00f3ria, \u00e0 natureza e a si pr\u00f3prio.<\/p>\t\t\t\t\t\t<\/div>\n\t\t\t\t<\/div>\n\t\t\t\t\t<\/div>\n\t\t<\/div>\n\t\t\t\t\t<\/div>\n\t\t<\/section>\n\t\t\t\t<section class=\"elementor-section elementor-top-section elementor-element elementor-element-5681dd00 elementor-section-boxed elementor-section-height-default elementor-section-height-default\" data-id=\"5681dd00\" data-element_type=\"section\" data-settings=\"{&quot;background_background&quot;:&quot;classic&quot;}\">\n\t\t\t\t\t\t<div class=\"elementor-container elementor-column-gap-default\">\n\t\t\t\t\t<div class=\"elementor-column elementor-col-100 elementor-top-column elementor-element elementor-element-5ddebe70\" data-id=\"5ddebe70\" data-element_type=\"column\" data-settings=\"{&quot;background_background&quot;:&quot;classic&quot;}\">\n\t\t\t<div class=\"elementor-widget-wrap elementor-element-populated\">\n\t\t\t\t\t<div class=\"elementor-background-overlay\"><\/div>\n\t\t\t\t\t\t<section class=\"elementor-section elementor-inner-section elementor-element elementor-element-6e560369 elementor-section-boxed elementor-section-height-default elementor-section-height-default\" data-id=\"6e560369\" data-element_type=\"section\">\n\t\t\t\t\t\t<div class=\"elementor-container elementor-column-gap-no\">\n\t\t\t\t\t<div class=\"elementor-column elementor-col-100 elementor-inner-column elementor-element elementor-element-343ebb83\" data-id=\"343ebb83\" data-element_type=\"column\">\n\t\t\t<div class=\"elementor-widget-wrap elementor-element-populated\">\n\t\t\t\t\t\t<div class=\"elementor-element elementor-element-3e0ca227 elementor-widget__width-auto elementor-absolute elementor-widget elementor-widget-image\" data-id=\"3e0ca227\" data-element_type=\"widget\" data-settings=\"{&quot;_position&quot;:&quot;absolute&quot;}\" data-widget_type=\"image.default\">\n\t\t\t\t<div class=\"elementor-widget-container\">\n\t\t\t\t\t\t\t\t\t\t\t\t\t<img decoding=\"async\" width=\"179\" height=\"179\" src=\"https:\/\/ultreiabags.com\/wp-content\/uploads\/2024\/07\/226b3cab-frame-427323020.png\" class=\"attachment-large size-large wp-image-2342\" alt=\"\" srcset=\"https:\/\/ultreiabags.com\/wp-content\/uploads\/2024\/07\/226b3cab-frame-427323020.png 179w, https:\/\/ultreiabags.com\/wp-content\/uploads\/2024\/07\/226b3cab-frame-427323020-150x150.png 150w, https:\/\/ultreiabags.com\/wp-content\/uploads\/2024\/07\/226b3cab-frame-427323020-12x12.png 12w, https:\/\/ultreiabags.com\/wp-content\/uploads\/2024\/07\/226b3cab-frame-427323020-100x100.png 100w\" sizes=\"(max-width: 179px) 100vw, 179px\" \/>\t\t\t\t\t\t\t\t\t\t\t\t\t<\/div>\n\t\t\t\t<\/div>\n\t\t\t\t<div class=\"elementor-element elementor-element-7407d7ce elementor-invisible elementor-widget elementor-widget-heading\" data-id=\"7407d7ce\" data-element_type=\"widget\" data-settings=\"{&quot;_animation&quot;:&quot;fadeInLeft&quot;}\" data-widget_type=\"heading.default\">\n\t\t\t\t<div class=\"elementor-widget-container\">\n\t\t\t<h2 class=\"elementor-heading-title elementor-size-default\">Pronto para a aventura?<\/h2>\t\t<\/div>\n\t\t\t\t<\/div>\n\t\t\t\t<div class=\"elementor-element elementor-element-56b0a5ae elementor-mobile-align-center elementor-widget__width-auto elementor-invisible elementor-widget elementor-widget-button\" data-id=\"56b0a5ae\" data-element_type=\"widget\" data-settings=\"{&quot;_animation&quot;:&quot;fadeInUp&quot;}\" data-widget_type=\"button.default\">\n\t\t\t\t<div class=\"elementor-widget-container\">\n\t\t\t\t\t<div class=\"elementor-button-wrapper\">\n\t\t\t<a class=\"elementor-button elementor-button-link elementor-size-sm\" href=\"https:\/\/ultreiabags.com#reserva\">\n\t\t\t\t\t\t<span class=\"elementor-button-content-wrapper\">\n\t\t\t\t\t\t\t\t\t<span class=\"elementor-button-text\">Fa\u00e7a a sua reserva!<\/span>\n\t\t\t\t\t<\/span>\n\t\t\t\t\t<\/a>\n\t\t<\/div>\n\t\t\t\t<\/div>\n\t\t\t\t<\/div>\n\t\t\t\t\t<\/div>\n\t\t<\/div>\n\t\t\t\t\t<\/div>\n\t\t<\/section>\n\t\t\t\t\t<\/div>\n\t\t<\/div>\n\t\t\t\t\t<\/div>\n\t\t<\/section>\n\t\t\t\t<\/div>","protected":false},"excerpt":{"rendered":"<p>Hist\u00f3ria do Caminho O Caminho de Santiago, uma antiga rota que se estende ao longo da Pen\u00ednsula Ib\u00e9rica, \u00e9 muito mais do que uma viagem f\u00edsica; \u00e9 uma viagem espiritual, cultural e hist\u00f3rica que atrai peregrinos de todo o mundo h\u00e1 s\u00e9culos. A sua hist\u00f3ria est\u00e1 entrela\u00e7ada com lendas que remontam ao [...]<\/p>","protected":false},"author":1,"featured_media":0,"parent":0,"menu_order":0,"comment_status":"closed","ping_status":"closed","template":"elementor_header_footer","meta":{"footnotes":""},"class_list":["post-2095","page","type-page","status-publish","hentry"],"yoast_head":"<!-- This site is optimized with the Yoast SEO plugin v23.2 - https:\/\/yoast.com\/wordpress\/plugins\/seo\/ -->\n<title>Historia del Camino - UltreiaBags<\/title>\n<meta name=\"robots\" content=\"index, follow, max-snippet:-1, max-image-preview:large, max-video-preview:-1\" \/>\n<link rel=\"canonical\" href=\"https:\/\/ultreiabags.com\/pt\/historia\/\" \/>\n<meta property=\"og:locale\" content=\"pt_PT\" \/>\n<meta property=\"og:type\" content=\"article\" \/>\n<meta property=\"og:title\" content=\"Historia del Camino - UltreiaBags\" \/>\n<meta property=\"og:description\" content=\"Historia del Camino El Camino de Santiago, una ruta milenaria que se extiende a lo largo de la pen\u00ednsula ib\u00e9rica, es mucho m\u00e1s que un simple viaje f\u00edsico; es un viaje espiritual, cultural e hist\u00f3rico que ha atra\u00eddo a peregrinos de todo el mundo durante siglos. Su historia se entrelaza con leyendas que datan del [&hellip;]\" \/>\n<meta property=\"og:url\" content=\"https:\/\/ultreiabags.com\/pt\/historia\/\" \/>\n<meta property=\"og:site_name\" content=\"UltreiaBags\" \/>\n<meta property=\"article:modified_time\" content=\"2024-07-06T13:45:54+00:00\" \/>\n<meta property=\"og:image\" content=\"https:\/\/ultreiabags.com\/wp-content\/uploads\/2024\/07\/AdobeStock_503291199-scaled.jpeg\" \/>\n<meta name=\"twitter:card\" content=\"summary_large_image\" \/>\n<meta name=\"twitter:label1\" content=\"Tempo estimado de leitura\" \/>\n\t<meta name=\"twitter:data1\" content=\"2 minutos\" \/>\n<script type=\"application\/ld+json\" class=\"yoast-schema-graph\">{\"@context\":\"https:\/\/schema.org\",\"@graph\":[{\"@type\":\"WebPage\",\"@id\":\"https:\/\/ultreiabags.com\/historia\/\",\"url\":\"https:\/\/ultreiabags.com\/historia\/\",\"name\":\"Historia del Camino - UltreiaBags\",\"isPartOf\":{\"@id\":\"https:\/\/ultreiabags.com\/#website\"},\"primaryImageOfPage\":{\"@id\":\"https:\/\/ultreiabags.com\/historia\/#primaryimage\"},\"image\":{\"@id\":\"https:\/\/ultreiabags.com\/historia\/#primaryimage\"},\"thumbnailUrl\":\"https:\/\/ultreiabags.com\/wp-content\/uploads\/2024\/07\/AdobeStock_503291199-scaled.jpeg\",\"datePublished\":\"2024-07-04T17:50:53+00:00\",\"dateModified\":\"2024-07-06T13:45:54+00:00\",\"breadcrumb\":{\"@id\":\"https:\/\/ultreiabags.com\/historia\/#breadcrumb\"},\"inLanguage\":\"pt-PT\",\"potentialAction\":[{\"@type\":\"ReadAction\",\"target\":[\"https:\/\/ultreiabags.com\/historia\/\"]}]},{\"@type\":\"ImageObject\",\"inLanguage\":\"pt-PT\",\"@id\":\"https:\/\/ultreiabags.com\/historia\/#primaryimage\",\"url\":\"https:\/\/ultreiabags.com\/wp-content\/uploads\/2024\/07\/AdobeStock_503291199-scaled.jpeg\",\"contentUrl\":\"https:\/\/ultreiabags.com\/wp-content\/uploads\/2024\/07\/AdobeStock_503291199-scaled.jpeg\"},{\"@type\":\"BreadcrumbList\",\"@id\":\"https:\/\/ultreiabags.com\/historia\/#breadcrumb\",\"itemListElement\":[{\"@type\":\"ListItem\",\"position\":1,\"name\":\"Portada\",\"item\":\"https:\/\/ultreiabags.com\/\"},{\"@type\":\"ListItem\",\"position\":2,\"name\":\"Historia del Camino\"}]},{\"@type\":\"WebSite\",\"@id\":\"https:\/\/ultreiabags.com\/#website\",\"url\":\"https:\/\/ultreiabags.com\/\",\"name\":\"UltreiaBags\",\"description\":\"Disfruta del Camino de Santiago libre de equipaje\",\"publisher\":{\"@id\":\"https:\/\/ultreiabags.com\/#organization\"},\"potentialAction\":[{\"@type\":\"SearchAction\",\"target\":{\"@type\":\"EntryPoint\",\"urlTemplate\":\"https:\/\/ultreiabags.com\/?s={search_term_string}\"},\"query-input\":\"required name=search_term_string\"}],\"inLanguage\":\"pt-PT\"},{\"@type\":\"Organization\",\"@id\":\"https:\/\/ultreiabags.com\/#organization\",\"name\":\"UltreiaBags\",\"url\":\"https:\/\/ultreiabags.com\/\",\"logo\":{\"@type\":\"ImageObject\",\"inLanguage\":\"pt-PT\",\"@id\":\"https:\/\/ultreiabags.com\/#\/schema\/logo\/image\/\",\"url\":\"https:\/\/ultreiabags.com\/wp-content\/uploads\/2024\/07\/logo.png\",\"contentUrl\":\"https:\/\/ultreiabags.com\/wp-content\/uploads\/2024\/07\/logo.png\",\"width\":1920,\"height\":768,\"caption\":\"UltreiaBags\"},\"image\":{\"@id\":\"https:\/\/ultreiabags.com\/#\/schema\/logo\/image\/\"},\"sameAs\":[\"https:\/\/www.instagram.com\/ultreiabags\"]}]}<\/script>\n<!-- \/ Yoast SEO plugin. -->","yoast_head_json":{"title":"Historia del Camino - UltreiaBags","robots":{"index":"index","follow":"follow","max-snippet":"max-snippet:-1","max-image-preview":"max-image-preview:large","max-video-preview":"max-video-preview:-1"},"canonical":"https:\/\/ultreiabags.com\/pt\/historia\/","og_locale":"pt_PT","og_type":"article","og_title":"Historia del Camino - UltreiaBags","og_description":"Historia del Camino El Camino de Santiago, una ruta milenaria que se extiende a lo largo de la pen\u00ednsula ib\u00e9rica, es mucho m\u00e1s que un simple viaje f\u00edsico; es un viaje espiritual, cultural e hist\u00f3rico que ha atra\u00eddo a peregrinos de todo el mundo durante siglos. Su historia se entrelaza con leyendas que datan del [&hellip;]","og_url":"https:\/\/ultreiabags.com\/pt\/historia\/","og_site_name":"UltreiaBags","article_modified_time":"2024-07-06T13:45:54+00:00","og_image":[{"url":"https:\/\/ultreiabags.com\/wp-content\/uploads\/2024\/07\/AdobeStock_503291199-scaled.jpeg"}],"twitter_card":"summary_large_image","twitter_misc":{"Tempo estimado de leitura":"2 minutos"},"schema":{"@context":"https:\/\/schema.org","@graph":[{"@type":"WebPage","@id":"https:\/\/ultreiabags.com\/historia\/","url":"https:\/\/ultreiabags.com\/historia\/","name":"Historia del Camino - UltreiaBags","isPartOf":{"@id":"https:\/\/ultreiabags.com\/#website"},"primaryImageOfPage":{"@id":"https:\/\/ultreiabags.com\/historia\/#primaryimage"},"image":{"@id":"https:\/\/ultreiabags.com\/historia\/#primaryimage"},"thumbnailUrl":"https:\/\/ultreiabags.com\/wp-content\/uploads\/2024\/07\/AdobeStock_503291199-scaled.jpeg","datePublished":"2024-07-04T17:50:53+00:00","dateModified":"2024-07-06T13:45:54+00:00","breadcrumb":{"@id":"https:\/\/ultreiabags.com\/historia\/#breadcrumb"},"inLanguage":"pt-PT","potentialAction":[{"@type":"ReadAction","target":["https:\/\/ultreiabags.com\/historia\/"]}]},{"@type":"ImageObject","inLanguage":"pt-PT","@id":"https:\/\/ultreiabags.com\/historia\/#primaryimage","url":"https:\/\/ultreiabags.com\/wp-content\/uploads\/2024\/07\/AdobeStock_503291199-scaled.jpeg","contentUrl":"https:\/\/ultreiabags.com\/wp-content\/uploads\/2024\/07\/AdobeStock_503291199-scaled.jpeg"},{"@type":"BreadcrumbList","@id":"https:\/\/ultreiabags.com\/historia\/#breadcrumb","itemListElement":[{"@type":"ListItem","position":1,"name":"Portada","item":"https:\/\/ultreiabags.com\/"},{"@type":"ListItem","position":2,"name":"Historia del Camino"}]},{"@type":"WebSite","@id":"https:\/\/ultreiabags.com\/#website","url":"https:\/\/ultreiabags.com\/","name":"UltreiaBags","description":"Disfruta del Camino de Santiago libre de equipaje","publisher":{"@id":"https:\/\/ultreiabags.com\/#organization"},"potentialAction":[{"@type":"SearchAction","target":{"@type":"EntryPoint","urlTemplate":"https:\/\/ultreiabags.com\/?s={search_term_string}"},"query-input":"required name=search_term_string"}],"inLanguage":"pt-PT"},{"@type":"Organization","@id":"https:\/\/ultreiabags.com\/#organization","name":"UltreiaBags","url":"https:\/\/ultreiabags.com\/","logo":{"@type":"ImageObject","inLanguage":"pt-PT","@id":"https:\/\/ultreiabags.com\/#\/schema\/logo\/image\/","url":"https:\/\/ultreiabags.com\/wp-content\/uploads\/2024\/07\/logo.png","contentUrl":"https:\/\/ultreiabags.com\/wp-content\/uploads\/2024\/07\/logo.png","width":1920,"height":768,"caption":"UltreiaBags"},"image":{"@id":"https:\/\/ultreiabags.com\/#\/schema\/logo\/image\/"},"sameAs":["https:\/\/www.instagram.com\/ultreiabags"]}]}},"_links":{"self":[{"href":"https:\/\/ultreiabags.com\/pt\/wp-json\/wp\/v2\/pages\/2095","targetHints":{"allow":["GET"]}}],"collection":[{"href":"https:\/\/ultreiabags.com\/pt\/wp-json\/wp\/v2\/pages"}],"about":[{"href":"https:\/\/ultreiabags.com\/pt\/wp-json\/wp\/v2\/types\/page"}],"author":[{"embeddable":true,"href":"https:\/\/ultreiabags.com\/pt\/wp-json\/wp\/v2\/users\/1"}],"replies":[{"embeddable":true,"href":"https:\/\/ultreiabags.com\/pt\/wp-json\/wp\/v2\/comments?post=2095"}],"version-history":[{"count":0,"href":"https:\/\/ultreiabags.com\/pt\/wp-json\/wp\/v2\/pages\/2095\/revisions"}],"wp:attachment":[{"href":"https:\/\/ultreiabags.com\/pt\/wp-json\/wp\/v2\/media?parent=2095"}],"curies":[{"name":"wp","href":"https:\/\/api.w.org\/{rel}","templated":true}]}}