{"id":2533,"date":"2024-07-15T17:58:45","date_gmt":"2024-07-15T15:58:45","guid":{"rendered":"https:\/\/ultreiabags.com\/?page_id=2533"},"modified":"2024-07-29T11:59:43","modified_gmt":"2024-07-29T09:59:43","slug":"aviso-legal","status":"publish","type":"page","link":"https:\/\/ultreiabags.com\/it\/aviso-legal\/","title":{"rendered":"Avviso legale"},"content":{"rendered":"<div class=\"row\">\n<div class=\"col col-xl-10 mx-auto\">\n<div class=\"paper\">\n<header class=\"text-center\">\n<h2 class=\"m-auto\">AVVISO LEGALE E CONDIZIONI GENERALI DI UTILIZZO<\/h2>\n<h4><span class=\"blanc-space ng-binding\">https:\/\/www.ultreiabags.com<\/span><\/h4>\n<\/header>\n<div>\n<h3>I. INFORMAZIONI GENERALI<\/h3>\n<p>In ottemperanza all'obbligo di informazione previsto dalla Legge 34\/2002 sui Servizi della Societ\u00e0 dell'Informazione e del Commercio Elettronico (LSSI-CE) dell'11 luglio, si forniscono di seguito le informazioni generali su questo sito web:<\/p>\n<p class=\"ng-hide\">La propriet\u00e0 di questo sito web, <span class=\"blanc-space ng-binding\">https:\/\/www.ultreiabags.com<\/span>(di seguito Sito Web) e i cui dati di contatto sono:<\/p>\n<p>UltreiaBags<\/p>\n<p>Indirizzo: <span class=\"blanc-space ng-binding\">Traves\u00eda de Guixar, 13 . Vigo<\/span><\/p>\n<p>Numero di telefono di contatto: <span class=\"blanc-space ng-binding\">611554488<\/span><\/p>\n<p>Email di contatto: <span class=\"blanc-space ng-binding\">contacto@ultreiabags.com<\/span><\/p>\n<h3>II. TERMINI E CONDIZIONI GENERALI DI UTILIZZO<\/h3>\n<h4>L'oggetto dei termini e delle condizioni: Il sito web<\/h4>\n<p>Le presenti Condizioni Generali d'Uso (di seguito, Condizioni) hanno lo scopo di regolamentare l'accesso e l'utilizzo del Sito. Ai fini delle presenti Condizioni, per Sito Web si intende: l'aspetto esterno delle interfacce dello schermo, sia statiche che dinamiche, ovvero l'albero di navigazione; e tutti gli elementi integrati sia nelle interfacce dello schermo che nell'albero di navigazione (di seguito, Contenuti) e tutti i servizi o le risorse online che possono essere offerti agli Utenti (di seguito, Servizi).<\/p>\n<p><span class=\"blanc-space ng-binding\">UltreiaBags<\/span> si riserva il diritto di modificare, in qualsiasi momento e senza preavviso, la presentazione e la configurazione del Sito Web e dei Contenuti e Servizi che vi possono essere incorporati. L'Utente riconosce e accetta che in qualsiasi momento <span class=\"blanc-space ng-binding\">UltreiaBags<\/span> pu\u00f2 interrompere, disattivare e\/o annullare uno qualsiasi di questi elementi integrati nel Sito web o l'accesso ad essi.<\/p>\n<p>L'accesso al Sito Web da parte dell'Utente \u00e8 libero e, di norma, gratuito, senza che l'Utente debba fornire alcun corrispettivo per usufruirne, fatta eccezione per il costo della connessione attraverso la rete di telecomunicazioni fornita dal fornitore di accesso contrattato dall'Utente.<\/p>\n<p class=\"ng-hide\">A parte il costo della connessione attraverso la rete di telecomunicazioni fornita dal fornitore di accesso e che l'Utente ha contrattato, alcuni dei Contenuti o dei Servizi offerti da <span class=\"blanc-space ng-binding\">UltreiaBags<\/span> o, se del caso, di terzi attraverso il Sito web pu\u00f2 essere soggetta alla preventiva contrattazione del Contenuto o del Servizio, nel qual caso le corrispondenti Condizioni generali o specifiche che la regolano saranno chiaramente specificate e\/o messe a disposizione dell'Utente.<\/p>\n<p>L'utilizzo di uno qualsiasi dei Contenuti o dei Servizi del Sito web pu\u00f2 avvenire previa iscrizione o registrazione dell'Utente.<\/p>\n<p class=\"ng-hide\">L'uso del Contenuto non richiede alcun abbonamento o registrazione preventiva.<\/p>\n<h4>L'utente<\/h4>\n<p>Accesso, navigazione e utilizzo del Sito, <span class=\"ng-hide\">nonch\u00e9 dagli spazi abilitati per l'interazione tra gli utenti, e l'utente e il <span class=\"blanc-space ng-binding\">UltreiaBags<\/span>come i commenti e\/o gli spazi di blogging,<\/span> conferisce la condizione di Utente e pertanto, dal momento in cui l'Utente inizia a navigare sul Sito, accetta tutte le Condizioni qui stabilite, nonch\u00e9 le loro successive modifiche, fatta salva l'applicazione delle corrispondenti norme giuridiche di obbligatoriet\u00e0 a seconda dei casi. Data la rilevanza di quanto sopra, si raccomanda all'Utente di leggerle ogni volta che visita il Sito.<\/p>\n<p>Il sito web di <span class=\"blanc-space ng-binding\">UltreiaBags<\/span> fornisce un'ampia gamma di informazioni, servizi e dati. L'Utente si assume la responsabilit\u00e0 del corretto utilizzo del Sito. Tale responsabilit\u00e0 si estende a:<\/p>\n<ul>\n<li>Un utilizzo delle informazioni, dei Contenuti e\/o dei Servizi e dei dati offerti da <span class=\"blanc-space ng-binding\">UltreiaBags<\/span> senza essere contrari alle disposizioni delle presenti Condizioni, alla Legge, al buon costume o all'ordine pubblico, o che in qualsiasi altro modo possano essere lesivi dei diritti di terzi o del funzionamento del Sito.<\/li>\n<li>La veridicit\u00e0 e la legalit\u00e0 delle informazioni fornite dall'Utente sui moduli forniti da <span class=\"blanc-space ng-binding\">UltreiaBags<\/span> per l'accesso a determinati Contenuti o Servizi offerti dal Sito Web. In ogni caso, l'Utente dovr\u00e0 immediatamente notificare a <span class=\"blanc-space ng-binding\">UltreiaBags<\/span> su qualsiasi evento che consenta l'uso improprio delle informazioni registrate in tali moduli, quali, a titolo esemplificativo e non esaustivo, il furto, lo smarrimento o l'accesso non autorizzato a identificativi e\/o password, al fine di procedere alla loro immediata cancellazione.<\/li>\n<\/ul>\n<p class=\"ng-hide\"><span class=\"blanc-space ng-binding\">UltreiaBags<\/span> si riserva il diritto di rimuovere tutti i commenti e i contributi che violino la legge, il rispetto della dignit\u00e0 della persona, che siano discriminatori, xenofobi, razzisti, pornografici, di spamming, che minaccino la giovent\u00f9 o l'infanzia, l'ordine pubblico o la sicurezza o che, a suo parere, non siano appropriati per la pubblicazione.<\/p>\n<p class=\"ng-hide\">In ogni caso, <span class=\"blanc-space ng-binding\">UltreiaBags<\/span> non sar\u00e0 responsabile delle opinioni espresse dagli Utenti attraverso i commenti o altri strumenti di blogging o partecipazione eventualmente disponibili.<\/p>\n<p>Il mero accesso a questo sito web non implica alcun tipo di rapporto commerciale tra <span class=\"blanc-space ng-binding\">UltreiaBags<\/span> e l'utente.<\/p>\n<p>L'Utente dichiara di essere maggiorenne e di avere la capacit\u00e0 giuridica sufficiente per essere vincolato dalle presenti Condizioni. Pertanto, questo sito web di <span class=\"blanc-space ng-binding\">UltreiaBags<\/span> non \u00e8 destinato ai minori. <span class=\"blanc-space ng-binding\">UltreiaBags<\/span> declina ogni responsabilit\u00e0 per la mancata osservanza di questo requisito.<\/p>\n<p class=\"ng-hide\">In conformit\u00e0 con la legislazione vigente, questo sito web di <span class=\"blanc-space ng-binding\">UltreiaBags<\/span> \u00e8 rivolto a tutte le persone, indipendentemente dall'et\u00e0, che possono accedere e\/o navigare nelle pagine del Sito.<\/p>\n<p>Il Sito \u00e8 destinato principalmente agli Utenti residenti in . <span class=\"blanc-space ng-binding\">UltreiaBags<\/span> non garantisce che il Sito sia conforme alle leggi di altri paesi, in tutto o in parte. Se l'Utente risiede o \u00e8 domiciliato in un altro luogo e decide di accedere e\/o navigare nel Sito, lo fa a suo rischio e pericolo, e deve assicurarsi che tale accesso e navigazione siano conformi alla legislazione locale a lui applicabile, e non si assume alcuna responsabilit\u00e0 per tale accesso e\/o navigazione. <span class=\"blanc-space ng-binding\">UltreiaBags<\/span> qualsiasi responsabilit\u00e0 che possa derivare da tale accesso.<\/p>\n<h3>III. ACCESSO E NAVIGAZIONE SUL SITO WEB: ESCLUSIONE DI GARANZIE E RESPONSABILIT\u00c0<\/h3>\n<p><span class=\"blanc-space ng-binding\">UltreiaBags<\/span> non garantisce la continuit\u00e0, la disponibilit\u00e0 e l'utilit\u00e0 del Sito, n\u00e9 dei Contenuti o dei Servizi. <span class=\"blanc-space ng-binding\">UltreiaBags<\/span> si impegner\u00e0 al massimo per garantire il buon funzionamento del Sito, ma non garantisce che l'accesso al Sito sia ininterrotto o privo di errori.<\/p>\n<p>Inoltre, non si assume alcuna responsabilit\u00e0 o garanzia che il contenuto o il software a cui si pu\u00f2 accedere attraverso questo Sito sia privo di errori o provochi danni al sistema informatico dell'Utente (software e hardware). In nessun caso <span class=\"blanc-space ng-binding\">UltreiaBags<\/span> sar\u00e0 responsabile per qualsiasi perdita, danno o pregiudizio di qualsiasi tipo derivante dall'accesso, dalla navigazione e dall'utilizzo del Sito, compresi, a titolo esemplificativo e non esaustivo, perdite, danni o pregiudizi causati ai sistemi informatici o causati dall'introduzione di virus.<\/p>\n<p><span class=\"blanc-space ng-binding\">UltreiaBags<\/span> non potr\u00e0 essere ritenuta responsabile per eventuali danni causati agli utenti a causa di un uso improprio del Sito. In particolare, non sar\u00e0 responsabile in alcun modo di eventuali guasti, interruzioni, errori o difetti di telecomunicazione che potrebbero verificarsi.<\/p>\n<h3>IV. POLITICA DI COLLEGAMENTO<\/h3>\n<p>Si noti che il sito web di <span class=\"blanc-space ng-binding\">UltreiaBags<\/span> mette o pu\u00f2 mettere a disposizione degli Utenti mezzi di collegamento (quali, tra gli altri, link, banner, pulsanti), directory e motori di ricerca che consentono agli Utenti di accedere a siti web appartenenti e\/o gestiti da terzi.<\/p>\n<p>L'installazione di questi link, elenchi e motori di ricerca sul Sito Web ha lo scopo di facilitare agli Utenti la ricerca e l'accesso alle informazioni disponibili su Internet e non pu\u00f2 essere considerata un suggerimento, una raccomandazione o un invito a visitarli.<\/p>\n<p><span class=\"blanc-space ng-binding\">UltreiaBags<\/span> non offre o commercializza, direttamente o tramite terzi, i prodotti e\/o i servizi disponibili su tali siti collegati.<\/p>\n<p class=\"ng-hide\"><span class=\"blanc-space ng-binding\">UltreiaBags<\/span> offre contenuti sponsorizzati, pubblicit\u00e0 e\/o link di affiliazione. Le informazioni che appaiono in questi link affiliati o le pubblicit\u00e0 inserite sono fornite dagli stessi inserzionisti, in modo che <span class=\"blanc-space ng-binding\">UltreiaBags<\/span> non \u00e8 responsabile di eventuali imprecisioni o errori contenuti negli annunci, n\u00e9 garantisce in alcun modo la competenza, l'integrit\u00e0 o la responsabilit\u00e0 degli inserzionisti o la qualit\u00e0 dei loro prodotti e\/o servizi.<\/p>\n<p>N\u00e9 garantisce la disponibilit\u00e0 tecnica, l'accuratezza, la veridicit\u00e0, la validit\u00e0 o la legalit\u00e0 dei siti non di sua propriet\u00e0 a cui si pu\u00f2 accedere tramite i link.<\/p>\n<p><span class=\"blanc-space ng-binding\">UltreiaBags<\/span> non esamina o controlla in alcun modo il contenuto di altri siti web, n\u00e9 approva, rivede o approva i prodotti e i servizi, i contenuti, i file e qualsiasi altro materiale presente su tali siti collegati.<\/p>\n<p><span class=\"blanc-space ng-binding\">UltreiaBags<\/span> non si assume alcuna responsabilit\u00e0 per eventuali danni che possono derivare dall'accesso, dall'uso, dalla qualit\u00e0 o dalla legalit\u00e0 dei contenuti, delle comunicazioni, delle opinioni, dei prodotti e dei servizi dei siti web non gestiti da <span class=\"blanc-space ng-binding\">UltreiaBags<\/span> e che sono collegati a questo Sito web.<\/p>\n<p>L'Utente o il terzo che effettua un collegamento ipertestuale da una pagina web di un altro sito web, diverso, al sito web di <span class=\"blanc-space ng-binding\">UltreiaBags<\/span> dovrebbe sapere che:<\/p>\n<p>Nessuno dei Contenuti e\/o Servizi del Sito pu\u00f2 essere riprodotto, in tutto o in parte, senza l'espressa autorizzazione di <span class=\"blanc-space ng-binding\">UltreiaBags<\/span>.<\/p>\n<p>Nessuna dichiarazione falsa, imprecisa o inesatta sul sito web di <span class=\"blanc-space ng-binding\">UltreiaBags<\/span>n\u00e9 sui Contenuti e\/o Servizi dello stesso.<\/p>\n<p>Ad eccezione del collegamento ipertestuale, il sito web sul quale viene stabilito il collegamento ipertestuale non conterr\u00e0 alcun elemento di questo sito web che sia protetto come propriet\u00e0 intellettuale dalla legge spagnola, a meno che non sia espressamente autorizzato da <span class=\"blanc-space ng-binding\">UltreiaBags<\/span>.<\/p>\n<p>La creazione del collegamento ipertestuale non implica l'esistenza di rapporti tra <span class=\"blanc-space ng-binding\">UltreiaBags<\/span> e il proprietario del sito web da cui viene effettuata, n\u00e9 la conoscenza e l'accettazione di <span class=\"blanc-space ng-binding\">UltreiaBags<\/span> dei contenuti, dei servizi e\/o delle attivit\u00e0 offerte su tale sito web, e viceversa.<\/p>\n<h3>V. PROPRIET\u00c0 INTELLETTUALE E INDUSTRIALE<\/h3>\n<p><span class=\"blanc-space ng-binding\">UltreiaBags<\/span> da solo o in qualit\u00e0 di cessionario, \u00e8 titolare di tutti i diritti di propriet\u00e0 intellettuale e industriale del Sito web, nonch\u00e9 degli elementi in esso contenuti (tra cui, a titolo esemplificativo e non esaustivo, immagini, suoni, audio, video, software o testi, marchi o loghi, combinazioni di colori, struttura e design, selezione dei materiali utilizzati, programmi informatici necessari al suo funzionamento, accesso e utilizzo, ecc.) Si tratta, pertanto, di opere protette come propriet\u00e0 intellettuale dall'ordinamento giuridico spagnolo, essendo ad esse applicabili sia la normativa spagnola e comunitaria in materia, sia i trattati internazionali relativi alla materia e sottoscritti dalla Spagna.<\/p>\n<p>Tutti i diritti riservati. In conformit\u00e0 con le disposizioni della Legge sulla Propriet\u00e0 Intellettuale, la riproduzione, la distribuzione e la comunicazione pubblica, compresa la messa a disposizione, di tutto o parte del contenuto di questo sito web, a fini commerciali, su qualsiasi supporto e con qualsiasi mezzo tecnico, sono espressamente vietate senza l'autorizzazione di <span class=\"blanc-space ng-binding\">UltreiaBags<\/span>.<\/p>\n<p>L'Utente si impegna a rispettare i diritti di propriet\u00e0 intellettuale e industriale di <span class=\"blanc-space ng-binding\">UltreiaBags<\/span>. L'Utente pu\u00f2 visualizzare gli elementi del Sito web o anche stamparli, copiarli e memorizzarli sul disco rigido del proprio computer o su qualsiasi altro supporto fisico, purch\u00e9 ci\u00f2 avvenga esclusivamente per uso personale. L'Utente, tuttavia, non pu\u00f2 rimuovere, alterare o manipolare alcun dispositivo di protezione o sistema di sicurezza installato sul Sito web.<\/p>\n<p>Nel caso in cui l'Utente o una terza parte ritenga che uno qualsiasi dei Contenuti del Sito Web comporti una violazione dei diritti di protezione della propriet\u00e0 intellettuale, dovr\u00e0 informare immediatamente <span class=\"blanc-space ng-binding\">UltreiaBags<\/span> tramite i dati di contatto riportati nella sezione INFORMAZIONI GENERALI del presente Avviso legale e Condizioni generali d'uso.<\/p>\n<h3>VI. AZIONI LEGALI, LEGGE APPLICABILE E GIURISDIZIONE<\/h3>\n<p><span class=\"blanc-space ng-binding\">UltreiaBags<\/span> si riserva il diritto di intraprendere qualsiasi azione civile o penale che ritenga necessaria per l'uso improprio del Sito e dei suoi Contenuti, o per la violazione delle presenti Condizioni.<\/p>\n<p>Il rapporto tra l'Utente e <span class=\"blanc-space ng-binding\">UltreiaBags<\/span> saranno disciplinate dalla normativa vigente e applicabile in territorio spagnolo. In caso di controversie relative all'interpretazione e\/o all'applicazione delle presenti Condizioni, le parti sottoporranno le loro controversie alla giurisdizione ordinaria, sottoponendosi ai giudici e ai tribunali corrispondenti secondo la legge.<\/p>\n<\/div>\n<\/div>\n<\/div>\n<\/div>","protected":false},"excerpt":{"rendered":"<p>AVVISO LEGALE E CONDIZIONI GENERALI DI UTILIZZO https:\/\/www.ultreiabags.com I. INFORMAZIONI GENERALI In ottemperanza all'obbligo di informazione previsto dalla Legge 34\/2002 sui Servizi della Societ\u00e0 dell'Informazione e del Commercio Elettronico (LSSI-CE) dell'11 luglio, vengono fornite le seguenti informazioni generali su questo sito web: Il [...]<\/p>","protected":false},"author":1,"featured_media":0,"parent":0,"menu_order":0,"comment_status":"closed","ping_status":"closed","template":"","meta":{"footnotes":""},"class_list":["post-2533","page","type-page","status-publish","hentry"],"yoast_head":"<!-- This site is optimized with the Yoast SEO plugin v23.2 - https:\/\/yoast.com\/wordpress\/plugins\/seo\/ -->\n<title>Aviso Legal - UltreiaBags<\/title>\n<meta name=\"robots\" content=\"index, follow, max-snippet:-1, max-image-preview:large, max-video-preview:-1\" \/>\n<link rel=\"canonical\" href=\"https:\/\/ultreiabags.com\/it\/aviso-legal\/\" \/>\n<meta property=\"og:locale\" content=\"it_IT\" \/>\n<meta property=\"og:type\" content=\"article\" \/>\n<meta property=\"og:title\" content=\"Aviso Legal - UltreiaBags\" \/>\n<meta property=\"og:description\" content=\"AVISO LEGAL Y CONDICIONES GENERALES DE USO https:\/\/www.ultreiabags.com I. INFORMACI\u00d3N GENERAL En cumplimiento con el deber de informaci\u00f3n dispuesto en la Ley 34\/2002 de Servicios de la Sociedad de la Informaci\u00f3n y el Comercio Electr\u00f3nico (LSSI-CE) de 11 de julio, se facilitan a continuaci\u00f3n los siguientes datos de informaci\u00f3n general de este sitio web: La [&hellip;]\" \/>\n<meta property=\"og:url\" content=\"https:\/\/ultreiabags.com\/it\/aviso-legal\/\" \/>\n<meta property=\"og:site_name\" content=\"UltreiaBags\" \/>\n<meta property=\"article:modified_time\" content=\"2024-07-29T09:59:43+00:00\" \/>\n<meta name=\"twitter:card\" content=\"summary_large_image\" \/>\n<meta name=\"twitter:label1\" content=\"Tempo di lettura stimato\" \/>\n\t<meta name=\"twitter:data1\" content=\"11 minuti\" \/>\n<script type=\"application\/ld+json\" class=\"yoast-schema-graph\">{\"@context\":\"https:\/\/schema.org\",\"@graph\":[{\"@type\":\"WebPage\",\"@id\":\"https:\/\/ultreiabags.com\/aviso-legal\/\",\"url\":\"https:\/\/ultreiabags.com\/aviso-legal\/\",\"name\":\"Aviso Legal - UltreiaBags\",\"isPartOf\":{\"@id\":\"https:\/\/ultreiabags.com\/#website\"},\"datePublished\":\"2024-07-15T15:58:45+00:00\",\"dateModified\":\"2024-07-29T09:59:43+00:00\",\"breadcrumb\":{\"@id\":\"https:\/\/ultreiabags.com\/aviso-legal\/#breadcrumb\"},\"inLanguage\":\"it-IT\",\"potentialAction\":[{\"@type\":\"ReadAction\",\"target\":[\"https:\/\/ultreiabags.com\/aviso-legal\/\"]}]},{\"@type\":\"BreadcrumbList\",\"@id\":\"https:\/\/ultreiabags.com\/aviso-legal\/#breadcrumb\",\"itemListElement\":[{\"@type\":\"ListItem\",\"position\":1,\"name\":\"Portada\",\"item\":\"https:\/\/ultreiabags.com\/\"},{\"@type\":\"ListItem\",\"position\":2,\"name\":\"Aviso Legal\"}]},{\"@type\":\"WebSite\",\"@id\":\"https:\/\/ultreiabags.com\/#website\",\"url\":\"https:\/\/ultreiabags.com\/\",\"name\":\"UltreiaBags\",\"description\":\"Disfruta del Camino de Santiago libre de equipaje\",\"publisher\":{\"@id\":\"https:\/\/ultreiabags.com\/#organization\"},\"potentialAction\":[{\"@type\":\"SearchAction\",\"target\":{\"@type\":\"EntryPoint\",\"urlTemplate\":\"https:\/\/ultreiabags.com\/?s={search_term_string}\"},\"query-input\":\"required name=search_term_string\"}],\"inLanguage\":\"it-IT\"},{\"@type\":\"Organization\",\"@id\":\"https:\/\/ultreiabags.com\/#organization\",\"name\":\"UltreiaBags\",\"url\":\"https:\/\/ultreiabags.com\/\",\"logo\":{\"@type\":\"ImageObject\",\"inLanguage\":\"it-IT\",\"@id\":\"https:\/\/ultreiabags.com\/#\/schema\/logo\/image\/\",\"url\":\"https:\/\/ultreiabags.com\/wp-content\/uploads\/2024\/07\/logo.png\",\"contentUrl\":\"https:\/\/ultreiabags.com\/wp-content\/uploads\/2024\/07\/logo.png\",\"width\":1920,\"height\":768,\"caption\":\"UltreiaBags\"},\"image\":{\"@id\":\"https:\/\/ultreiabags.com\/#\/schema\/logo\/image\/\"},\"sameAs\":[\"https:\/\/www.instagram.com\/ultreiabags\"]}]}<\/script>\n<!-- \/ Yoast SEO plugin. -->","yoast_head_json":{"title":"Aviso Legal - UltreiaBags","robots":{"index":"index","follow":"follow","max-snippet":"max-snippet:-1","max-image-preview":"max-image-preview:large","max-video-preview":"max-video-preview:-1"},"canonical":"https:\/\/ultreiabags.com\/it\/aviso-legal\/","og_locale":"it_IT","og_type":"article","og_title":"Aviso Legal - UltreiaBags","og_description":"AVISO LEGAL Y CONDICIONES GENERALES DE USO https:\/\/www.ultreiabags.com I. INFORMACI\u00d3N GENERAL En cumplimiento con el deber de informaci\u00f3n dispuesto en la Ley 34\/2002 de Servicios de la Sociedad de la Informaci\u00f3n y el Comercio Electr\u00f3nico (LSSI-CE) de 11 de julio, se facilitan a continuaci\u00f3n los siguientes datos de informaci\u00f3n general de este sitio web: La [&hellip;]","og_url":"https:\/\/ultreiabags.com\/it\/aviso-legal\/","og_site_name":"UltreiaBags","article_modified_time":"2024-07-29T09:59:43+00:00","twitter_card":"summary_large_image","twitter_misc":{"Tempo di lettura stimato":"11 minuti"},"schema":{"@context":"https:\/\/schema.org","@graph":[{"@type":"WebPage","@id":"https:\/\/ultreiabags.com\/aviso-legal\/","url":"https:\/\/ultreiabags.com\/aviso-legal\/","name":"Aviso Legal - UltreiaBags","isPartOf":{"@id":"https:\/\/ultreiabags.com\/#website"},"datePublished":"2024-07-15T15:58:45+00:00","dateModified":"2024-07-29T09:59:43+00:00","breadcrumb":{"@id":"https:\/\/ultreiabags.com\/aviso-legal\/#breadcrumb"},"inLanguage":"it-IT","potentialAction":[{"@type":"ReadAction","target":["https:\/\/ultreiabags.com\/aviso-legal\/"]}]},{"@type":"BreadcrumbList","@id":"https:\/\/ultreiabags.com\/aviso-legal\/#breadcrumb","itemListElement":[{"@type":"ListItem","position":1,"name":"Portada","item":"https:\/\/ultreiabags.com\/"},{"@type":"ListItem","position":2,"name":"Aviso Legal"}]},{"@type":"WebSite","@id":"https:\/\/ultreiabags.com\/#website","url":"https:\/\/ultreiabags.com\/","name":"UltreiaBags","description":"Disfruta del Camino de Santiago libre de equipaje","publisher":{"@id":"https:\/\/ultreiabags.com\/#organization"},"potentialAction":[{"@type":"SearchAction","target":{"@type":"EntryPoint","urlTemplate":"https:\/\/ultreiabags.com\/?s={search_term_string}"},"query-input":"required name=search_term_string"}],"inLanguage":"it-IT"},{"@type":"Organization","@id":"https:\/\/ultreiabags.com\/#organization","name":"UltreiaBags","url":"https:\/\/ultreiabags.com\/","logo":{"@type":"ImageObject","inLanguage":"it-IT","@id":"https:\/\/ultreiabags.com\/#\/schema\/logo\/image\/","url":"https:\/\/ultreiabags.com\/wp-content\/uploads\/2024\/07\/logo.png","contentUrl":"https:\/\/ultreiabags.com\/wp-content\/uploads\/2024\/07\/logo.png","width":1920,"height":768,"caption":"UltreiaBags"},"image":{"@id":"https:\/\/ultreiabags.com\/#\/schema\/logo\/image\/"},"sameAs":["https:\/\/www.instagram.com\/ultreiabags"]}]}},"_links":{"self":[{"href":"https:\/\/ultreiabags.com\/it\/wp-json\/wp\/v2\/pages\/2533","targetHints":{"allow":["GET"]}}],"collection":[{"href":"https:\/\/ultreiabags.com\/it\/wp-json\/wp\/v2\/pages"}],"about":[{"href":"https:\/\/ultreiabags.com\/it\/wp-json\/wp\/v2\/types\/page"}],"author":[{"embeddable":true,"href":"https:\/\/ultreiabags.com\/it\/wp-json\/wp\/v2\/users\/1"}],"replies":[{"embeddable":true,"href":"https:\/\/ultreiabags.com\/it\/wp-json\/wp\/v2\/comments?post=2533"}],"version-history":[{"count":0,"href":"https:\/\/ultreiabags.com\/it\/wp-json\/wp\/v2\/pages\/2533\/revisions"}],"wp:attachment":[{"href":"https:\/\/ultreiabags.com\/it\/wp-json\/wp\/v2\/media?parent=2533"}],"curies":[{"name":"wp","href":"https:\/\/api.w.org\/{rel}","templated":true}]}}