{"id":2533,"date":"2024-07-15T17:58:45","date_gmt":"2024-07-15T15:58:45","guid":{"rendered":"https:\/\/ultreiabags.com\/?page_id=2533"},"modified":"2024-07-29T11:59:43","modified_gmt":"2024-07-29T09:59:43","slug":"aviso-legal","status":"publish","type":"page","link":"https:\/\/ultreiabags.com\/de\/aviso-legal\/","title":{"rendered":"Rechtlicher Hinweis"},"content":{"rendered":"<div class=\"row\">\n<div class=\"col col-xl-10 mx-auto\">\n<div class=\"paper\">\n<header class=\"text-center\">\n<h2 class=\"m-auto\">RECHTLICHER HINWEIS UND ALLGEMEINE NUTZUNGSBEDINGUNGEN<\/h2>\n<h4><span class=\"blanc-space ng-binding\">https:\/\/www.ultreiabags.com<\/span><\/h4>\n<\/header>\n<div>\n<h3>I. ALLGEMEINE INFORMATIONEN<\/h3>\n<p>In Erf\u00fcllung der Informationspflicht gem\u00e4\u00df dem Gesetz 34\/2002 \u00fcber die Dienste der Informationsgesellschaft und den elektronischen Gesch\u00e4ftsverkehr (LSSI-CE) vom 11. Juli werden im Folgenden die allgemeinen Informationen zu dieser Website gegeben:<\/p>\n<p class=\"ng-hide\">Das Eigentum an dieser Website, <span class=\"blanc-space ng-binding\">https:\/\/www.ultreiabags.com<\/span>(nachstehend \"Website\" genannt) und deren Kontaktdaten lauten:<\/p>\n<p>UltreiaBags<\/p>\n<p>Adresse: <span class=\"blanc-space ng-binding\">Traves\u00eda de Guixar, 13 . Vigo<\/span><\/p>\n<p>Telefonnummer der Kontaktperson: <span class=\"blanc-space ng-binding\">611554488<\/span><\/p>\n<p>E-Mail-Kontakt: <span class=\"blanc-space ng-binding\">contacto@ultreiabags.com<\/span><\/p>\n<h3>II. ALLGEMEINE NUTZUNGSBEDINGUNGEN<\/h3>\n<h4>Der Gegenstand der Bedingungen und Konditionen: Die Website<\/h4>\n<p>Zweck der vorliegenden Allgemeinen Nutzungsbedingungen (im Folgenden Bedingungen) ist es, den Zugang zu und die Nutzung der Website zu regeln. Im Sinne dieser Bedingungen sind unter der Website zu verstehen: das \u00e4u\u00dfere Erscheinungsbild der statischen und dynamischen Bildschirmoberfl\u00e4chen, d. h. der Navigationsbaum, und alle Elemente, die sowohl in die Bildschirmoberfl\u00e4chen als auch in den Navigationsbaum integriert sind (im Folgenden \"Inhalt\"), sowie alle Online-Dienste oder Ressourcen, die den Nutzern angeboten werden k\u00f6nnen (im Folgenden \"Dienste\").<\/p>\n<p><span class=\"blanc-space ng-binding\">UltreiaBags<\/span> beh\u00e4lt sich das Recht vor, jederzeit und ohne Vorank\u00fcndigung die Pr\u00e4sentation und Konfiguration der Website sowie die darin enthaltenen Inhalte und Dienste zu \u00e4ndern. Der Nutzer erkennt an und akzeptiert, dass jederzeit <span class=\"blanc-space ng-binding\">UltreiaBags<\/span> kann jedes dieser Elemente, die in die Website integriert sind, oder den Zugang zu ihnen unterbrechen, deaktivieren und\/oder l\u00f6schen.<\/p>\n<p>Der Zugang des Nutzers zur Website ist kostenlos und erfolgt in der Regel unentgeltlich, ohne dass der Nutzer daf\u00fcr eine Gegenleistung erbringen muss, mit Ausnahme der Kosten f\u00fcr die Verbindung \u00fcber das Telekommunikationsnetz, die von dem vom Nutzer beauftragten Zugangsanbieter bereitgestellt werden.<\/p>\n<p class=\"ng-hide\">Abgesehen von den Kosten f\u00fcr die Verbindung \u00fcber das vom Zugangsanbieter bereitgestellte und vom Nutzer in Anspruch genommene Telekommunikationsnetz sind einige der Inhalte oder Dienste, die von <span class=\"blanc-space ng-binding\">UltreiaBags<\/span> oder gegebenenfalls Dritter \u00fcber die Website kann der vorherige Abschluss eines Vertrags \u00fcber den Inhalt oder die Dienstleistung erforderlich sein; in diesem Fall werden die entsprechenden allgemeinen oder besonderen Bedingungen, die dies regeln, deutlich angegeben und\/oder dem Nutzer zur Verf\u00fcgung gestellt.<\/p>\n<p>Die Nutzung von Inhalten oder Diensten der Website kann nur nach vorheriger Anmeldung oder Registrierung des Nutzers erfolgen.<\/p>\n<p class=\"ng-hide\">F\u00fcr die Nutzung der Inhalte ist keine vorherige Anmeldung oder Registrierung erforderlich.<\/p>\n<h4>Der Benutzer<\/h4>\n<p>Zugang, Browsing und Nutzung der Website, <span class=\"ng-hide\">sowie durch die R\u00e4ume, die f\u00fcr die Interaktion zwischen den Nutzern zur Verf\u00fcgung stehen, und die Nutzer und <span class=\"blanc-space ng-binding\">UltreiaBags<\/span>wie Kommentare und\/oder Blogging-Spaces,<\/span> verleiht dem Benutzer die Eigenschaft eines Benutzers, und daher akzeptiert er\/sie von dem Moment an, in dem er\/sie auf der Website surft, alle hier festgelegten Bedingungen sowie deren sp\u00e4tere \u00c4nderungen, unbeschadet der Anwendung der entsprechenden gesetzlichen Vorschriften, die gegebenenfalls einzuhalten sind. In Anbetracht der Relevanz des Vorstehenden wird dem Benutzer empfohlen, sie bei jedem Besuch der Website zu lesen.<\/p>\n<p>Die Website von <span class=\"blanc-space ng-binding\">UltreiaBags<\/span> bietet eine breite Palette von Informationen, Dienstleistungen und Daten. Der Nutzer \u00fcbernimmt die Verantwortung f\u00fcr die korrekte Nutzung der Website. Diese Verantwortung erstreckt sich auf:<\/p>\n<ul>\n<li>Eine Nutzung der Informationen, Inhalte und\/oder Dienste und Daten, die von <span class=\"blanc-space ng-binding\">UltreiaBags<\/span> ohne gegen die Bestimmungen dieser Bedingungen, das Gesetz, die guten Sitten oder die \u00f6ffentliche Ordnung zu versto\u00dfen oder in sonstiger Weise die Rechte Dritter oder den Betrieb der Website zu beeintr\u00e4chtigen.<\/li>\n<li>Die Wahrhaftigkeit und Rechtm\u00e4\u00dfigkeit der Angaben, die der Nutzer in den Formularen von <span class=\"blanc-space ng-binding\">UltreiaBags<\/span> f\u00fcr den Zugang zu bestimmten Inhalten oder Diensten, die auf der Website angeboten werden. In jedem Fall hat der Nutzer unverz\u00fcglich Folgendes zu melden <span class=\"blanc-space ng-binding\">UltreiaBags<\/span> \u00fcber jedes Ereignis, das eine missbr\u00e4uchliche Verwendung der in diesen Formularen eingetragenen Informationen erm\u00f6glicht, wie z. B. Diebstahl, Verlust oder unbefugter Zugang zu Kennungen und\/oder Passw\u00f6rtern, um deren sofortige L\u00f6schung zu veranlassen.<\/li>\n<\/ul>\n<p class=\"ng-hide\"><span class=\"blanc-space ng-binding\">UltreiaBags<\/span> beh\u00e4lt sich das Recht vor, alle Kommentare und Beitr\u00e4ge zu entfernen, die gegen das Gesetz oder die Achtung der Menschenw\u00fcrde versto\u00dfen, die diskriminierend, fremdenfeindlich, rassistisch, pornografisch oder spammend sind, die Jugend oder das Kind, die \u00f6ffentliche Ordnung oder Sicherheit bedrohen oder die seiner Meinung nach nicht zur Ver\u00f6ffentlichung geeignet sind.<\/p>\n<p class=\"ng-hide\">Auf jeden Fall, <span class=\"blanc-space ng-binding\">UltreiaBags<\/span> ist nicht verantwortlich f\u00fcr die Meinungen, die von den Nutzern durch Kommentare oder andere Blogging- oder Partizipationstools ge\u00e4u\u00dfert werden.<\/p>\n<p>Der blo\u00dfe Zugriff auf diese Website bedeutet nicht, dass eine Gesch\u00e4ftsbeziehung zwischen der <span class=\"blanc-space ng-binding\">UltreiaBags<\/span> und der Benutzer.<\/p>\n<p>Der Nutzer erkl\u00e4rt, dass er vollj\u00e4hrig und hinreichend gesch\u00e4ftsf\u00e4hig ist, um an diese Bedingungen gebunden zu sein. Daher wird diese Website von <span class=\"blanc-space ng-binding\">UltreiaBags<\/span> ist nicht f\u00fcr Minderj\u00e4hrige bestimmt. <span class=\"blanc-space ng-binding\">UltreiaBags<\/span> lehnt jede Haftung f\u00fcr die Nichteinhaltung dieser Anforderung ab.<\/p>\n<p class=\"ng-hide\">In \u00dcbereinstimmung mit der geltenden Gesetzgebung wird diese Website von <span class=\"blanc-space ng-binding\">UltreiaBags<\/span> richtet sich an alle Personen, unabh\u00e4ngig von ihrem Alter, die auf die Seiten der Website zugreifen und\/oder diese durchsuchen.<\/p>\n<p>Die Website richtet sich in erster Linie an Nutzer mit Wohnsitz in . <span class=\"blanc-space ng-binding\">UltreiaBags<\/span> gibt keine Zusicherung, dass die Website ganz oder teilweise mit den Gesetzen anderer L\u00e4nder \u00fcbereinstimmt. Wenn der Nutzer seinen Wohnsitz oder Sitz an einem anderen Ort hat und beschlie\u00dft, auf die Website zuzugreifen und\/oder sie zu durchsuchen, tut er dies auf eigenes Risiko und muss sicherstellen, dass ein solcher Zugriff und ein solches Durchsuchen mit der f\u00fcr ihn geltenden lokalen Gesetzgebung \u00fcbereinstimmen, und \u00fcbernimmt keine Haftung f\u00fcr einen solchen Zugriff und\/oder ein solches Durchsuchen. <span class=\"blanc-space ng-binding\">UltreiaBags<\/span> jegliche Haftung, die sich aus einem solchen Zugang ergeben k\u00f6nnte.<\/p>\n<h3>III. ZUGANG UND NAVIGATION AUF DER WEBSITE: AUSSCHLUSS VON GEW\u00c4HRLEISTUNG UND HAFTUNG<\/h3>\n<p><span class=\"blanc-space ng-binding\">UltreiaBags<\/span> garantiert nicht die Kontinuit\u00e4t, Verf\u00fcgbarkeit und N\u00fctzlichkeit der Website, des Inhalts oder der Dienste. <span class=\"blanc-space ng-binding\">UltreiaBags<\/span> wird sich nach Kr\u00e4ften bem\u00fchen, den reibungslosen Betrieb der Website zu gew\u00e4hrleisten, gibt jedoch keine Zusicherung oder Garantie, dass der Zugang zur Website ununterbrochen oder fehlerfrei ist.<\/p>\n<p>Sie \u00fcbernimmt auch keine Verantwortung oder Garantie daf\u00fcr, dass der Inhalt oder die Software, auf die \u00fcber diese Website zugegriffen werden kann, frei von Fehlern ist oder Sch\u00e4den am Computersystem (Software und Hardware) des Nutzers verursacht. Unter keinen Umst\u00e4nden <span class=\"blanc-space ng-binding\">UltreiaBags<\/span> haftet nicht f\u00fcr Verluste, Sch\u00e4den oder Beeintr\u00e4chtigungen jeglicher Art, die sich aus dem Zugriff auf die Website, dem Durchsuchen und der Nutzung der Website ergeben, einschlie\u00dflich, aber nicht beschr\u00e4nkt auf Verluste, Sch\u00e4den oder Beeintr\u00e4chtigungen von Computersystemen oder durch die Einf\u00fchrung von Viren.<\/p>\n<p><span class=\"blanc-space ng-binding\">UltreiaBags<\/span> haftet nicht f\u00fcr Sch\u00e4den, die den Nutzern durch eine unsachgem\u00e4\u00dfe Nutzung dieser Website entstehen k\u00f6nnen. Insbesondere haftet sie in keiner Weise f\u00fcr eventuelle Telekommunikationsausf\u00e4lle, Unterbrechungen, St\u00f6rungen oder Defekte.<\/p>\n<h3>IV. KOPPLUNGSPOLITIK<\/h3>\n<p>Bitte beachten Sie, dass die Website von <span class=\"blanc-space ng-binding\">UltreiaBags<\/span> den Nutzern Mittel zur Verkn\u00fcpfung (wie u.a. Links, Banner, Schaltfl\u00e4chen), Verzeichnisse und Suchmaschinen zur Verf\u00fcgung stellt oder stellen kann, die es den Nutzern erm\u00f6glichen, auf Websites zuzugreifen, die Dritten geh\u00f6ren und\/oder von diesen verwaltet werden.<\/p>\n<p>Die Einrichtung dieser Links, Verzeichnisse und Suchmaschinen auf der Website soll den Nutzern die Suche nach und den Zugang zu den im Internet verf\u00fcgbaren Informationen erleichtern und darf nicht als Vorschlag, Empfehlung oder Aufforderung zum Besuch dieser Websites angesehen werden.<\/p>\n<p><span class=\"blanc-space ng-binding\">UltreiaBags<\/span> bietet weder selbst noch \u00fcber Dritte die auf solchen verlinkten Seiten verf\u00fcgbaren Produkte und\/oder Dienstleistungen an oder vermarktet sie.<\/p>\n<p class=\"ng-hide\"><span class=\"blanc-space ng-binding\">UltreiaBags<\/span> bietet gesponserte Inhalte, Werbung und\/oder Affiliate-Links. Die Informationen, die in diesen Affiliate-Links oder den eingef\u00fcgten Anzeigen erscheinen, werden von den Werbetreibenden selbst zur Verf\u00fcgung gestellt, damit <span class=\"blanc-space ng-binding\">UltreiaBags<\/span> ist nicht verantwortlich f\u00fcr Ungenauigkeiten oder Fehler, die in den Anzeigen enthalten sein k\u00f6nnen, und garantiert auch in keiner Weise die Kompetenz, Integrit\u00e4t oder Verantwortung der Inserenten oder die Qualit\u00e4t ihrer Produkte und\/oder Dienstleistungen.<\/p>\n<p>Sie \u00fcbernimmt auch keine Garantie f\u00fcr die technische Verf\u00fcgbarkeit, Genauigkeit, Richtigkeit, G\u00fcltigkeit oder Rechtm\u00e4\u00dfigkeit von Websites, die nicht in ihrem Besitz sind und auf die \u00fcber die Links zugegriffen werden kann.<\/p>\n<p><span class=\"blanc-space ng-binding\">UltreiaBags<\/span> \u00fcberpr\u00fcft oder kontrolliert in keiner Weise den Inhalt anderer Websites und billigt, pr\u00fcft oder unterst\u00fctzt auch nicht die Produkte und Dienstleistungen, den Inhalt, die Dateien und alle anderen Materialien auf solchen verlinkten Websites.<\/p>\n<p><span class=\"blanc-space ng-binding\">UltreiaBags<\/span> \u00fcbernimmt keine Haftung f\u00fcr Sch\u00e4den, die sich aus dem Zugang, der Nutzung, der Qualit\u00e4t oder der Rechtm\u00e4\u00dfigkeit der Inhalte, Mitteilungen, Meinungen, Produkte und Dienstleistungen der nicht von <span class=\"blanc-space ng-binding\">UltreiaBags<\/span> und die mit dieser Website verlinkt sind.<\/p>\n<p>Der Nutzer oder ein Dritter, der einen Hyperlink von einer Webseite einer anderen, eigenst\u00e4ndigen Webseite zur Webseite von <span class=\"blanc-space ng-binding\">UltreiaBags<\/span> sollten das wissen:<\/p>\n<p>Keiner der Inhalte und\/oder Dienste der Website darf ganz oder teilweise ohne die ausdr\u00fcckliche Genehmigung von <span class=\"blanc-space ng-binding\">UltreiaBags<\/span>.<\/p>\n<p>Keine falschen, ungenauen oder inkorrekten Darstellungen \u00fcber die Website von <span class=\"blanc-space ng-binding\">UltreiaBags<\/span>noch auf den Inhalt und\/oder die Dienste desselben.<\/p>\n<p>Mit Ausnahme des Hyperlinks darf die Website, auf der der Hyperlink eingerichtet ist, keine Elemente dieser Website enthalten, die nach spanischem Recht als geistiges Eigentum gesch\u00fctzt sind, es sei denn, dies wurde ausdr\u00fccklich von <span class=\"blanc-space ng-binding\">UltreiaBags<\/span>.<\/p>\n<p>Die Einrichtung des Hyperlinks impliziert nicht das Bestehen von Beziehungen zwischen <span class=\"blanc-space ng-binding\">UltreiaBags<\/span> und der Eigent\u00fcmer der Website, von der aus sie durchgef\u00fchrt wird, noch die Kenntnis und Akzeptanz der <span class=\"blanc-space ng-binding\">UltreiaBags<\/span> der auf der genannten Website angebotenen Inhalte, Dienstleistungen und\/oder Aktivit\u00e4ten und umgekehrt.<\/p>\n<h3>V. GEISTIGES UND GEWERBLICHES EIGENTUM<\/h3>\n<p><span class=\"blanc-space ng-binding\">UltreiaBags<\/span> ist selbst oder als Bevollm\u00e4chtigter Inhaber aller geistigen und gewerblichen Eigentumsrechte an der Website sowie an den darin enthaltenen Elementen (einschlie\u00dflich, aber nicht beschr\u00e4nkt auf Bilder, Ton, Audio, Video, Software oder Texte, Marken oder Logos, Farbkombinationen, Struktur und Design, Auswahl der verwendeten Materialien, Computerprogramme, die f\u00fcr den Betrieb, den Zugang und die Nutzung erforderlich sind, usw.). Es handelt sich also um Werke, die als geistiges Eigentum durch das spanische Rechtssystem gesch\u00fctzt sind, da auf sie sowohl die spanischen und gemeinschaftlichen Vorschriften in diesem Bereich als auch die von Spanien unterzeichneten internationalen Vertr\u00e4ge in diesem Bereich anwendbar sind.<\/p>\n<p>Alle Rechte vorbehalten. Gem\u00e4\u00df den Bestimmungen des Gesetzes zum Schutz des geistigen Eigentums sind die Vervielf\u00e4ltigung, die Verbreitung und die \u00f6ffentliche Wiedergabe, einschlie\u00dflich der Zug\u00e4nglichmachung, des gesamten oder eines Teils des Inhalts dieser Website zu kommerziellen Zwecken, auf jedem Medium und mit allen technischen Mitteln ohne die Genehmigung von <span class=\"blanc-space ng-binding\">UltreiaBags<\/span>.<\/p>\n<p>Der Nutzer verpflichtet sich, die geistigen und gewerblichen Eigentumsrechte von <span class=\"blanc-space ng-binding\">UltreiaBags<\/span>. Sie d\u00fcrfen die Elemente der Website ansehen oder sogar ausdrucken, kopieren und auf der Festplatte Ihres Computers oder auf einem anderen physischen Medium speichern, solange dies ausschlie\u00dflich f\u00fcr Ihren pers\u00f6nlichen Gebrauch geschieht. Der Nutzer darf jedoch keine auf der Website installierten Schutzvorrichtungen oder Sicherheitssysteme entfernen, ver\u00e4ndern oder manipulieren.<\/p>\n<p>Sollte der Nutzer oder ein Dritter der Ansicht sein, dass einer der Inhalte der Website eine Verletzung der Rechte zum Schutz des geistigen Eigentums darstellt, sollte er\/sie unverz\u00fcglich Folgendes mitteilen <span class=\"blanc-space ng-binding\">UltreiaBags<\/span> \u00fcber die Kontaktdaten im Abschnitt ALLGEMEINE INFORMATIONEN dieser rechtlichen Hinweise und allgemeinen Nutzungsbedingungen.<\/p>\n<h3>VI. GERICHTSVERFAHREN, ANWENDBARES RECHT UND GERICHTSBARKEIT<\/h3>\n<p><span class=\"blanc-space ng-binding\">UltreiaBags<\/span> beh\u00e4lt sich das Recht vor, alle zivil- oder strafrechtlichen Schritte einzuleiten, die sie f\u00fcr die missbr\u00e4uchliche Nutzung der Website und ihrer Inhalte oder f\u00fcr die Verletzung dieser Bedingungen f\u00fcr notwendig erachtet.<\/p>\n<p>Die Beziehung zwischen dem Nutzer und <span class=\"blanc-space ng-binding\">UltreiaBags<\/span> unterliegen den geltenden und auf spanischem Gebiet anwendbaren Vorschriften. Im Falle von Streitigkeiten in Bezug auf die Auslegung und\/oder Anwendung der vorliegenden Bedingungen unterwerfen sich die Parteien der ordentlichen Gerichtsbarkeit, indem sie sich den Richtern und Gerichten unterwerfen, die nach dem Gesetz zust\u00e4ndig sind.<\/p>\n<\/div>\n<\/div>\n<\/div>\n<\/div>","protected":false},"excerpt":{"rendered":"<p>RECHTLICHER HINWEIS UND ALLGEMEINE NUTZUNGSBEDINGUNGEN https:\/\/www.ultreiabags.com I. ALLGEMEINE INFORMATIONEN In Erf\u00fcllung der Informationspflicht gem\u00e4\u00df dem Gesetz 34\/2002 \u00fcber die Dienste der Informationsgesellschaft und den elektronischen Handel (LSSI-CE) vom 11. Juli werden im Folgenden die allgemeinen Informationen zu dieser Website gegeben: Die [...]<\/p>","protected":false},"author":1,"featured_media":0,"parent":0,"menu_order":0,"comment_status":"closed","ping_status":"closed","template":"","meta":{"footnotes":""},"class_list":["post-2533","page","type-page","status-publish","hentry"],"yoast_head":"<!-- This site is optimized with the Yoast SEO plugin v23.2 - https:\/\/yoast.com\/wordpress\/plugins\/seo\/ -->\n<title>Aviso Legal - UltreiaBags<\/title>\n<meta name=\"robots\" content=\"index, follow, max-snippet:-1, max-image-preview:large, max-video-preview:-1\" \/>\n<link rel=\"canonical\" href=\"https:\/\/ultreiabags.com\/de\/aviso-legal\/\" \/>\n<meta property=\"og:locale\" content=\"de_DE\" \/>\n<meta property=\"og:type\" content=\"article\" \/>\n<meta property=\"og:title\" content=\"Aviso Legal - UltreiaBags\" \/>\n<meta property=\"og:description\" content=\"AVISO LEGAL Y CONDICIONES GENERALES DE USO https:\/\/www.ultreiabags.com I. INFORMACI\u00d3N GENERAL En cumplimiento con el deber de informaci\u00f3n dispuesto en la Ley 34\/2002 de Servicios de la Sociedad de la Informaci\u00f3n y el Comercio Electr\u00f3nico (LSSI-CE) de 11 de julio, se facilitan a continuaci\u00f3n los siguientes datos de informaci\u00f3n general de este sitio web: La [&hellip;]\" \/>\n<meta property=\"og:url\" content=\"https:\/\/ultreiabags.com\/de\/aviso-legal\/\" \/>\n<meta property=\"og:site_name\" content=\"UltreiaBags\" \/>\n<meta property=\"article:modified_time\" content=\"2024-07-29T09:59:43+00:00\" \/>\n<meta name=\"twitter:card\" content=\"summary_large_image\" \/>\n<meta name=\"twitter:label1\" content=\"Gesch\u00e4tzte Lesezeit\" \/>\n\t<meta name=\"twitter:data1\" content=\"11\u00a0Minuten\" \/>\n<script type=\"application\/ld+json\" class=\"yoast-schema-graph\">{\"@context\":\"https:\/\/schema.org\",\"@graph\":[{\"@type\":\"WebPage\",\"@id\":\"https:\/\/ultreiabags.com\/aviso-legal\/\",\"url\":\"https:\/\/ultreiabags.com\/aviso-legal\/\",\"name\":\"Aviso Legal - UltreiaBags\",\"isPartOf\":{\"@id\":\"https:\/\/ultreiabags.com\/#website\"},\"datePublished\":\"2024-07-15T15:58:45+00:00\",\"dateModified\":\"2024-07-29T09:59:43+00:00\",\"breadcrumb\":{\"@id\":\"https:\/\/ultreiabags.com\/aviso-legal\/#breadcrumb\"},\"inLanguage\":\"de\",\"potentialAction\":[{\"@type\":\"ReadAction\",\"target\":[\"https:\/\/ultreiabags.com\/aviso-legal\/\"]}]},{\"@type\":\"BreadcrumbList\",\"@id\":\"https:\/\/ultreiabags.com\/aviso-legal\/#breadcrumb\",\"itemListElement\":[{\"@type\":\"ListItem\",\"position\":1,\"name\":\"Portada\",\"item\":\"https:\/\/ultreiabags.com\/\"},{\"@type\":\"ListItem\",\"position\":2,\"name\":\"Aviso Legal\"}]},{\"@type\":\"WebSite\",\"@id\":\"https:\/\/ultreiabags.com\/#website\",\"url\":\"https:\/\/ultreiabags.com\/\",\"name\":\"UltreiaBags\",\"description\":\"Disfruta del Camino de Santiago libre de equipaje\",\"publisher\":{\"@id\":\"https:\/\/ultreiabags.com\/#organization\"},\"potentialAction\":[{\"@type\":\"SearchAction\",\"target\":{\"@type\":\"EntryPoint\",\"urlTemplate\":\"https:\/\/ultreiabags.com\/?s={search_term_string}\"},\"query-input\":\"required name=search_term_string\"}],\"inLanguage\":\"de\"},{\"@type\":\"Organization\",\"@id\":\"https:\/\/ultreiabags.com\/#organization\",\"name\":\"UltreiaBags\",\"url\":\"https:\/\/ultreiabags.com\/\",\"logo\":{\"@type\":\"ImageObject\",\"inLanguage\":\"de\",\"@id\":\"https:\/\/ultreiabags.com\/#\/schema\/logo\/image\/\",\"url\":\"https:\/\/ultreiabags.com\/wp-content\/uploads\/2024\/07\/logo.png\",\"contentUrl\":\"https:\/\/ultreiabags.com\/wp-content\/uploads\/2024\/07\/logo.png\",\"width\":1920,\"height\":768,\"caption\":\"UltreiaBags\"},\"image\":{\"@id\":\"https:\/\/ultreiabags.com\/#\/schema\/logo\/image\/\"},\"sameAs\":[\"https:\/\/www.instagram.com\/ultreiabags\"]}]}<\/script>\n<!-- \/ Yoast SEO plugin. -->","yoast_head_json":{"title":"Aviso Legal - UltreiaBags","robots":{"index":"index","follow":"follow","max-snippet":"max-snippet:-1","max-image-preview":"max-image-preview:large","max-video-preview":"max-video-preview:-1"},"canonical":"https:\/\/ultreiabags.com\/de\/aviso-legal\/","og_locale":"de_DE","og_type":"article","og_title":"Aviso Legal - UltreiaBags","og_description":"AVISO LEGAL Y CONDICIONES GENERALES DE USO https:\/\/www.ultreiabags.com I. INFORMACI\u00d3N GENERAL En cumplimiento con el deber de informaci\u00f3n dispuesto en la Ley 34\/2002 de Servicios de la Sociedad de la Informaci\u00f3n y el Comercio Electr\u00f3nico (LSSI-CE) de 11 de julio, se facilitan a continuaci\u00f3n los siguientes datos de informaci\u00f3n general de este sitio web: La [&hellip;]","og_url":"https:\/\/ultreiabags.com\/de\/aviso-legal\/","og_site_name":"UltreiaBags","article_modified_time":"2024-07-29T09:59:43+00:00","twitter_card":"summary_large_image","twitter_misc":{"Gesch\u00e4tzte Lesezeit":"11\u00a0Minuten"},"schema":{"@context":"https:\/\/schema.org","@graph":[{"@type":"WebPage","@id":"https:\/\/ultreiabags.com\/aviso-legal\/","url":"https:\/\/ultreiabags.com\/aviso-legal\/","name":"Aviso Legal - UltreiaBags","isPartOf":{"@id":"https:\/\/ultreiabags.com\/#website"},"datePublished":"2024-07-15T15:58:45+00:00","dateModified":"2024-07-29T09:59:43+00:00","breadcrumb":{"@id":"https:\/\/ultreiabags.com\/aviso-legal\/#breadcrumb"},"inLanguage":"de","potentialAction":[{"@type":"ReadAction","target":["https:\/\/ultreiabags.com\/aviso-legal\/"]}]},{"@type":"BreadcrumbList","@id":"https:\/\/ultreiabags.com\/aviso-legal\/#breadcrumb","itemListElement":[{"@type":"ListItem","position":1,"name":"Portada","item":"https:\/\/ultreiabags.com\/"},{"@type":"ListItem","position":2,"name":"Aviso Legal"}]},{"@type":"WebSite","@id":"https:\/\/ultreiabags.com\/#website","url":"https:\/\/ultreiabags.com\/","name":"UltreiaBags","description":"Disfruta del Camino de Santiago libre de equipaje","publisher":{"@id":"https:\/\/ultreiabags.com\/#organization"},"potentialAction":[{"@type":"SearchAction","target":{"@type":"EntryPoint","urlTemplate":"https:\/\/ultreiabags.com\/?s={search_term_string}"},"query-input":"required name=search_term_string"}],"inLanguage":"de"},{"@type":"Organization","@id":"https:\/\/ultreiabags.com\/#organization","name":"UltreiaBags","url":"https:\/\/ultreiabags.com\/","logo":{"@type":"ImageObject","inLanguage":"de","@id":"https:\/\/ultreiabags.com\/#\/schema\/logo\/image\/","url":"https:\/\/ultreiabags.com\/wp-content\/uploads\/2024\/07\/logo.png","contentUrl":"https:\/\/ultreiabags.com\/wp-content\/uploads\/2024\/07\/logo.png","width":1920,"height":768,"caption":"UltreiaBags"},"image":{"@id":"https:\/\/ultreiabags.com\/#\/schema\/logo\/image\/"},"sameAs":["https:\/\/www.instagram.com\/ultreiabags"]}]}},"_links":{"self":[{"href":"https:\/\/ultreiabags.com\/de\/wp-json\/wp\/v2\/pages\/2533","targetHints":{"allow":["GET"]}}],"collection":[{"href":"https:\/\/ultreiabags.com\/de\/wp-json\/wp\/v2\/pages"}],"about":[{"href":"https:\/\/ultreiabags.com\/de\/wp-json\/wp\/v2\/types\/page"}],"author":[{"embeddable":true,"href":"https:\/\/ultreiabags.com\/de\/wp-json\/wp\/v2\/users\/1"}],"replies":[{"embeddable":true,"href":"https:\/\/ultreiabags.com\/de\/wp-json\/wp\/v2\/comments?post=2533"}],"version-history":[{"count":0,"href":"https:\/\/ultreiabags.com\/de\/wp-json\/wp\/v2\/pages\/2533\/revisions"}],"wp:attachment":[{"href":"https:\/\/ultreiabags.com\/de\/wp-json\/wp\/v2\/media?parent=2533"}],"curies":[{"name":"wp","href":"https:\/\/api.w.org\/{rel}","templated":true}]}}